{"id":107,"date":"2014-05-18T07:00:43","date_gmt":"2014-05-18T06:00:43","guid":{"rendered":"http:\/\/www.4pointspermis.com\/?p=107"},"modified":"2016-03-03T10:44:20","modified_gmt":"2016-03-03T09:44:20","slug":"stage-obligatoire-permis-probatoire","status":"publish","type":"page","link":"https:\/\/www.sospermisapoint.fr\/permis-a-points\/stage-obligatoire-permis-probatoire\/","title":{"rendered":"Stage obligatoire et permis probatoire"},"content":{"rendered":"<h2>Stage obligatoire de r\u00e9cup\u00e9ration de points<\/h2>\n<p>Dans le cas d\u2019un <strong>permis probatoire<\/strong>, si le conducteur a commis une infraction sanctionn\u00e9e par le retrait de 3 points minimum, le Minist\u00e8re de l\u2019Int\u00e9rieur vous fera parvenir une lettre recommand\u00e9e avec AR vous notifiant l\u2019obligation de suivre un stage de sensibilisation \u00e0 la s\u00e9curit\u00e9 routi\u00e8re dans les 4 mois \u00e0 r\u00e9ception de ce courrier portant la r\u00e9f\u00e9rence 48N.<\/p>\n<p>Ce stage obligatoire vous permettra, en outre, de r\u00e9cup\u00e9rer jusqu\u2019\u00e0 4 points sur votre permis de conduire.<\/p>\n<p>La p\u00e9riode probatoire du permis de conduire diff\u00e8re suivant le mode d\u2019obtention de votre permis. Elle est de 3 ans pour les conducteurs ayant suivi une formation \u00e0 l\u2019apprentissage de la conduite classique et de 2 ans pour ceux qui auront choisi la conduite accompagn\u00e9e.<\/p>\n<p>Pour suivre un stage permis \u00e0 points avec un permis probatoire avec lequel vous avez perdu 3 points au minimum, vous devrez fournir une photocopie de la lettre 48N au moment de votre entr\u00e9e en stage. Vous devez donc <strong>imp\u00e9rativement avoir re\u00e7u ce courrier 48N<\/strong> avant d\u2019effectuer ce stage obligatoire.<\/p>\n<p>&nbsp;<\/p>\n<h2>Programme d\u2019un stage obligatoire<\/h2>\n<p>Le programme d\u2019un stage obligatoire est identique \u00e0 celui d\u2019un stage volontaire. Il se d\u00e9roule sur deux jours cons\u00e9cutifs soit au total 14 heures de formation. Il est assur\u00e9 par deux animateurs dipl\u00f4m\u00e9s de L\u2019<a title=\"Institut National de S\u00e9curit\u00e9 Routi\u00e8re et de Recherches\" href=\"http:\/\/www.inserr.org\/\">INSERR<\/a> (Institut National de S\u00e9curit\u00e9 Routi\u00e8re et de Recherches) l\u2019un sp\u00e9cialiste de la conduite et l\u2019autre psychologue.<\/p>\n<p>Durant ces deux jours, plusieurs th\u00e8mes seront abord\u00e9s, en autre\u00a0:<\/p>\n<ul>\n<li>Les chiffres de la S\u00e9curit\u00e9 Routi\u00e8re,<\/li>\n<li>Ins\u00e9curit\u00e9 routi\u00e8re,<\/li>\n<li>Limites physiques des v\u00e9hicules,<\/li>\n<li>Cas d\u2019accidents,<\/li>\n<li>L\u2019alcool au volant,<\/li>\n<li>Stup\u00e9fiants au volant,<\/li>\n<li>Comportement au volant,<\/li>\n<li>\u2026<\/li>\n<\/ul>\n<h2>Que se passe-t-il apr\u00e8s le stage\u00a0?<\/h2>\n<p>Apr\u00e8s avoir suivi ces eux jours de stage, l\u2019organisateur vous remettra une attestation de suivi de stage qui vous permettra de prouver juridiquement que vous r\u00e9cup\u00e9rer vos points de permis de conduire.<\/p>\n<p>Dans le cadre du permis probatoire, l\u2019organisateur du stage vous remettra, sur demande, un formulaire de demande de remboursement de l\u2019amende.<\/p>\n<p>Pour vous faire rembourser l\u2019amende, vous n\u2019aurez que 15 jours maximum. Cette demande de remboursement sera \u00e0 adresser au <em>Tr\u00e9sor Public<\/em> accompagn\u00e9e de votre attestation, de votre contravention et de la preuve de paiement de celle-ci.<\/p>\n<p>Le refus d\u2019effectuer un <strong>stage obligatoire<\/strong> dans les 4 mois \u00e0 r\u00e9ception de la lettre 48N est sanctionn\u00e9 par une amende de 4<sup>\u00e8me<\/sup> classe d\u2019un montant de 135\u20ac assorti d\u2019une suspension de permis de conduire. Malgr\u00e9 cette sanction, la <strong>participation obligatoire \u00e0 un stage reste imp\u00e9rative<\/strong>.<\/p>\n<p>La d\u00e9marche d\u2019inscription \u00e0 un stage obligatoire sur Internet est la m\u00eame que celle pour un <a title=\"Stage volontaire de r\u00e9cup\u00e9ration de points\" href=\"http:\/\/www.sospermisapoint.fr\/permis-a-points\/stage-volontaire-de-recuperation-de-points\/\">stage volontaire<\/a>.<\/p>\n<p>&nbsp;<\/p>\n<p>&nbsp;<\/p>\n","protected":false},"excerpt":{"rendered":"<p>Stage obligatoire de r\u00e9cup\u00e9ration de points Dans le cas d\u2019un permis probatoire, si le conducteur a commis une infraction sanctionn\u00e9e par le retrait de 3 points minimum, le Minist\u00e8re de l\u2019Int\u00e9rieur vous fera parvenir une lettre recommand\u00e9e avec AR vous notifiant l\u2019obligation de suivre un stage de sensibilisation \u00e0 la s\u00e9curit\u00e9 routi\u00e8re dans les 4 mois \u00e0 r\u00e9ception de ce &#8230; <\/p>\n<div><a href=\"https:\/\/www.sospermisapoint.fr\/permis-a-points\/stage-obligatoire-permis-probatoire\/\" class=\"more-link\">Lire la Suite<\/a><\/div>\n","protected":false},"author":3,"featured_media":0,"parent":0,"menu_order":0,"comment_status":"closed","ping_status":"closed","template":"","meta":{"footnotes":""},"class_list":["post-107","page","type-page","status-publish","hentry","no-post-thumbnail"],"aioseo_notices":[],"_links":{"self":[{"href":"https:\/\/www.sospermisapoint.fr\/permis-a-points\/wp-json\/wp\/v2\/pages\/107","targetHints":{"allow":["GET"]}}],"collection":[{"href":"https:\/\/www.sospermisapoint.fr\/permis-a-points\/wp-json\/wp\/v2\/pages"}],"about":[{"href":"https:\/\/www.sospermisapoint.fr\/permis-a-points\/wp-json\/wp\/v2\/types\/page"}],"author":[{"embeddable":true,"href":"https:\/\/www.sospermisapoint.fr\/permis-a-points\/wp-json\/wp\/v2\/users\/3"}],"replies":[{"embeddable":true,"href":"https:\/\/www.sospermisapoint.fr\/permis-a-points\/wp-json\/wp\/v2\/comments?post=107"}],"version-history":[{"count":4,"href":"https:\/\/www.sospermisapoint.fr\/permis-a-points\/wp-json\/wp\/v2\/pages\/107\/revisions"}],"predecessor-version":[{"id":335,"href":"https:\/\/www.sospermisapoint.fr\/permis-a-points\/wp-json\/wp\/v2\/pages\/107\/revisions\/335"}],"wp:attachment":[{"href":"https:\/\/www.sospermisapoint.fr\/permis-a-points\/wp-json\/wp\/v2\/media?parent=107"}],"curies":[{"name":"wp","href":"https:\/\/api.w.org\/{rel}","templated":true}]}}