{"id":121,"date":"2014-05-21T04:37:50","date_gmt":"2014-05-21T03:37:50","guid":{"rendered":"http:\/\/www.4pointspermis.com\/?p=121"},"modified":"2014-08-23T15:53:25","modified_gmt":"2014-08-23T14:53:25","slug":"stage-alternative-a-la-poursuite","status":"publish","type":"page","link":"https:\/\/www.sospermisapoint.fr\/permis-a-points\/stage-alternative-a-la-poursuite\/","title":{"rendered":"Stage alternative \u00e0 la poursuite"},"content":{"rendered":"<p>Le stage \u00ab\u00a0<strong>alternative \u00e0 la poursuite judiciaire<\/strong>\u00a0\u00bb appel\u00e9 aussi \u00ab\u00a0<strong>stage justice<\/strong>\u00a0\u00bb est g\u00e9n\u00e9ralement propos\u00e9 par le Procureur de la R\u00e9publique. Il a pour but de se substituer \u00e0 la poursuite judiciaire encourue par le conducteur ayant commis une infraction au Code de la Route.<\/p>\n<p>Lorsque le Procureur de la R\u00e9publique propose au conducteur d\u2019effectuer un <strong>stage de sensibilisation \u00e0 la s\u00e9curit\u00e9 routi\u00e8re<\/strong>, cette proposition permet au conducteur d\u2019\u00e9viter la perte de points de permis de conduire, voire le retrait de son permis. En outre cela permet de classer le dossier du conducteur \u00ab\u00a0sans suite\u00a0\u00bb et annule les poursuites.<\/p>\n<p>Seul le Procureur de la R\u00e9publique est susceptible de proposer ce type de stage et dans ce cadre, ce n\u2019est pas au conducteur d\u2019en faire la demande. De plus, ce genre de stage ne sera jamais propos\u00e9 en cas de r\u00e9cidive.<\/p>\n<p>Mais attention, un stage \u00ab\u00a0alternative \u00e0 la poursuite\u00a0\u00bb <strong>ne donne pas droit \u00e0 la r\u00e9cup\u00e9ration de points<\/strong>.<\/p>\n<p>Lorsque le conducteur accepte la proposition du Procureur de la R\u00e9publique d\u2019effectuer un stage de sensibilisation aux risques routiers, il devra prendre en charge le co\u00fbt de cette formation. Le d\u00e9lai pour effectuer ce stage est g\u00e9n\u00e9ralement de 6 mois.<\/p>\n<p>Apr\u00e8s avoir suivi cette formation permis \u00e0 points, le conducteur devra renvoyer au Procureur de la R\u00e9publique l\u2019attestation de suivi de stage que lui aura remis l\u2019organisme qui a g\u00e9r\u00e9 le stage.<\/p>\n<p>Si le conducteur n\u2019effectue pas ce stage dans les d\u00e9lais, les poursuites reprendront.<\/p>\n","protected":false},"excerpt":{"rendered":"<p>Le stage \u00ab\u00a0alternative \u00e0 la poursuite judiciaire\u00a0\u00bb appel\u00e9 aussi \u00ab\u00a0stage justice\u00a0\u00bb est g\u00e9n\u00e9ralement propos\u00e9 par le Procureur de la R\u00e9publique. Il a pour but de se substituer \u00e0 la poursuite judiciaire encourue par le conducteur ayant commis une infraction au Code de la Route. Lorsque le Procureur de la R\u00e9publique propose au conducteur d\u2019effectuer un stage de sensibilisation \u00e0 la &#8230; <\/p>\n<div><a href=\"https:\/\/www.sospermisapoint.fr\/permis-a-points\/stage-alternative-a-la-poursuite\/\" class=\"more-link\">Lire la Suite<\/a><\/div>\n","protected":false},"author":3,"featured_media":0,"parent":0,"menu_order":0,"comment_status":"closed","ping_status":"closed","template":"","meta":{"footnotes":""},"class_list":["post-121","page","type-page","status-publish","hentry","no-post-thumbnail"],"aioseo_notices":[],"_links":{"self":[{"href":"https:\/\/www.sospermisapoint.fr\/permis-a-points\/wp-json\/wp\/v2\/pages\/121","targetHints":{"allow":["GET"]}}],"collection":[{"href":"https:\/\/www.sospermisapoint.fr\/permis-a-points\/wp-json\/wp\/v2\/pages"}],"about":[{"href":"https:\/\/www.sospermisapoint.fr\/permis-a-points\/wp-json\/wp\/v2\/types\/page"}],"author":[{"embeddable":true,"href":"https:\/\/www.sospermisapoint.fr\/permis-a-points\/wp-json\/wp\/v2\/users\/3"}],"replies":[{"embeddable":true,"href":"https:\/\/www.sospermisapoint.fr\/permis-a-points\/wp-json\/wp\/v2\/comments?post=121"}],"version-history":[{"count":1,"href":"https:\/\/www.sospermisapoint.fr\/permis-a-points\/wp-json\/wp\/v2\/pages\/121\/revisions"}],"predecessor-version":[{"id":169,"href":"https:\/\/www.sospermisapoint.fr\/permis-a-points\/wp-json\/wp\/v2\/pages\/121\/revisions\/169"}],"wp:attachment":[{"href":"https:\/\/www.sospermisapoint.fr\/permis-a-points\/wp-json\/wp\/v2\/media?parent=121"}],"curies":[{"name":"wp","href":"https:\/\/api.w.org\/{rel}","templated":true}]}}