{"id":130,"date":"2014-05-26T06:49:20","date_gmt":"2014-05-26T05:49:20","guid":{"rendered":"http:\/\/www.4pointspermis.com\/?p=130"},"modified":"2014-08-23T15:52:59","modified_gmt":"2014-08-23T14:52:59","slug":"releve-dinformation-integral-de-votre-permis-de-conduire","status":"publish","type":"page","link":"https:\/\/www.sospermisapoint.fr\/permis-a-points\/releve-dinformation-integral-de-votre-permis-de-conduire\/","title":{"rendered":"Relev\u00e9 d\u2019information int\u00e9gral de votre permis de conduire"},"content":{"rendered":"<p>Le <strong>relev\u00e9 d\u2019information int\u00e9gral<\/strong> est un document qui r\u00e9capitule, comme son nom l\u2019indique, tout l\u2019historique de votre permis de conduire depuis sa date de d\u00e9livrance par la pr\u00e9fecture. De plus, ce document permet de conna\u00eetre le solde de points de son permis de conduire.<\/p>\n<h2>Comment obtenir un relev\u00e9 d\u2019information int\u00e9gral\u00a0?<\/h2>\n<h3>A la pr\u00e9fecture du d\u00e9partement de votre domicile\u00a0:<\/h3>\n<ul>\n<li>Vous avez la possibilit\u00e9 de vous procurer un relev\u00e9 int\u00e9gral d\u2019information aupr\u00e8s de votre pr\u00e9fecture. Pr\u00e9sentez-vous, g\u00e9n\u00e9ralement au service des permis de conduire, muni de votre pi\u00e8ce d\u2019identit\u00e9 et demander votre relev\u00e9.<\/li>\n<\/ul>\n<h3>Par courrier\u00a0:<\/h3>\n<ul>\n<li>Vous pouvez vous procurer votre relev\u00e9 d\u2019information int\u00e9gral en en faisant la demande par courrier aupr\u00e8s de la pr\u00e9fecture. Pour cela, vous pouvez utiliser les services de telepoints-fr.com qui vous permet de g\u00e9n\u00e9rer, en ligne, sur Internet, le courrier de demande de relev\u00e9 et vous renseigne sur la proc\u00e9dure \u00e0 suivre. Le d\u00e9lai de r\u00e9ponse g\u00e9n\u00e9ralement constat\u00e9 est d\u2019environ 15 jours.<\/li>\n<\/ul>\n<h3>Sur Internet\u00a0:<\/h3>\n<ul>\n<li>Si vous avez d\u00e9j\u00e0 en votre possession un premier relev\u00e9 int\u00e9gral ou que vous avez re\u00e7u un courrier 48N, 48SI ou 48M de la part du Minist\u00e8re de l\u2019Int\u00e9rieur, vous \u00eates en possession de vos <strong><a title=\"Codes d'acc\u00e8s \u00e0 Telepoints\" href=\"http:\/\/www.telepoints-fr.com\/demander-vos-codes-dacces\/\" target=\"_blank\">codes d\u2019acc\u00e8s<\/a><\/strong> confidentiels au t\u00e9l\u00e9service <strong><a title=\"T\u00e9l\u00e9ponts\" href=\"http:\/\/www.telepoints-fr.com\/\" target=\"_blank\">Telepoints<\/a><\/strong> qui vous permet de consulter en ligne votre relev\u00e9 int\u00e9gral de points. Une fois vos codes en mains, vous pouvez consulter, quand bon vous semble, votre solde de points de permis de conduire.<\/li>\n<\/ul>\n<p>&nbsp;<\/p>\n<h2>Les informations notifi\u00e9es sur le relev\u00e9 int\u00e9gral<\/h2>\n<p>Sur le relev\u00e9 d\u2019information int\u00e9gral vous trouverez les informations suivantes\u00a0:<\/p>\n<ul>\n<li>Votre \u00e9tat civil et que vos coordonn\u00e9es (adresse du domicile) ainsi que toutes les informations inh\u00e9rentes \u00e0 votre permis de conduire (date d\u2019obtention, cat\u00e9gories, visites m\u00e9dicales, \u2026)<\/li>\n<li>Le r\u00e9trospective chronologique de toutes les infractions que vous avez pu commettre (dates d\u2019infraction, points retir\u00e9s, points ajout\u00e9s, \u2026)<\/li>\n<li>La r\u00e9trospective de tous les courriers que l\u2019administration vous a fait parvenir en mati\u00e8re de proc\u00e8s-verbaux, de courrier recommand\u00e9s du Minist\u00e8re de l\u2019Int\u00e9rieur (48N, 48SI, 48M).<\/li>\n<li>Les dates des stages de r\u00e9cup\u00e9ration de points que vous avez \u00e9ventuellement effectu\u00e9s avec le nombre de points r\u00e9cup\u00e9r\u00e9s lors des stages.<\/li>\n<li>Le solde de points de votre permis au moment de la consultation.<\/li>\n<li>Vos codes d\u2019acc\u00e8s confidentiels au <strong><a title=\"Consulter son solde de points de permis de conduire\" href=\"http:\/\/www.telepoints-fr.com\/consulter-votre-nombre-de-points\/\" target=\"_blank\">t\u00e9l\u00e9service Telepoints<\/a><\/strong> vous permettant de consulter votre relev\u00e9 sur Internet.<\/li>\n<\/ul>\n","protected":false},"excerpt":{"rendered":"<p>Le relev\u00e9 d\u2019information int\u00e9gral est un document qui r\u00e9capitule, comme son nom l\u2019indique, tout l\u2019historique de votre permis de conduire depuis sa date de d\u00e9livrance par la pr\u00e9fecture. De plus, ce document permet de conna\u00eetre le solde de points de son permis de conduire. Comment obtenir un relev\u00e9 d\u2019information int\u00e9gral\u00a0? A la pr\u00e9fecture du d\u00e9partement de votre domicile\u00a0: Vous avez &#8230; <\/p>\n<div><a href=\"https:\/\/www.sospermisapoint.fr\/permis-a-points\/releve-dinformation-integral-de-votre-permis-de-conduire\/\" class=\"more-link\">Lire la Suite<\/a><\/div>\n","protected":false},"author":3,"featured_media":0,"parent":0,"menu_order":0,"comment_status":"closed","ping_status":"closed","template":"","meta":{"footnotes":""},"class_list":["post-130","page","type-page","status-publish","hentry","no-post-thumbnail"],"aioseo_notices":[],"_links":{"self":[{"href":"https:\/\/www.sospermisapoint.fr\/permis-a-points\/wp-json\/wp\/v2\/pages\/130","targetHints":{"allow":["GET"]}}],"collection":[{"href":"https:\/\/www.sospermisapoint.fr\/permis-a-points\/wp-json\/wp\/v2\/pages"}],"about":[{"href":"https:\/\/www.sospermisapoint.fr\/permis-a-points\/wp-json\/wp\/v2\/types\/page"}],"author":[{"embeddable":true,"href":"https:\/\/www.sospermisapoint.fr\/permis-a-points\/wp-json\/wp\/v2\/users\/3"}],"replies":[{"embeddable":true,"href":"https:\/\/www.sospermisapoint.fr\/permis-a-points\/wp-json\/wp\/v2\/comments?post=130"}],"version-history":[{"count":2,"href":"https:\/\/www.sospermisapoint.fr\/permis-a-points\/wp-json\/wp\/v2\/pages\/130\/revisions"}],"predecessor-version":[{"id":162,"href":"https:\/\/www.sospermisapoint.fr\/permis-a-points\/wp-json\/wp\/v2\/pages\/130\/revisions\/162"}],"wp:attachment":[{"href":"https:\/\/www.sospermisapoint.fr\/permis-a-points\/wp-json\/wp\/v2\/media?parent=130"}],"curies":[{"name":"wp","href":"https:\/\/api.w.org\/{rel}","templated":true}]}}