{"id":134,"date":"2014-05-28T07:19:21","date_gmt":"2014-05-28T06:19:21","guid":{"rendered":"http:\/\/www.4pointspermis.com\/?p=134"},"modified":"2014-08-23T15:56:01","modified_gmt":"2014-08-23T14:56:01","slug":"suspension-administrative-du-permis-de-conduire","status":"publish","type":"page","link":"https:\/\/www.sospermisapoint.fr\/permis-a-points\/suspension-administrative-du-permis-de-conduire\/","title":{"rendered":"Suspension administrative du permis de conduire"},"content":{"rendered":"<p>Il ne s\u2019agit pas d\u2019une annulation de permis mais bien d\u2019une <strong>suspension<\/strong>. C\u2019est-\u00e0-dire que le conducteur recouvrera la possibilit\u00e9 de conduire une fois le d\u00e9lai de suspension \u00e9coul\u00e9 alors qu\u2019en cas d\u2019annulation du permis, il sera oblig\u00e9, si il veut reconduire, de <strong>repasser son permis<\/strong>.<\/p>\n<p>La <strong>suspension du permis de conduire<\/strong> s\u2019applique \u00e0 toutes les cat\u00e9gorie du permis du conducteur et elle est, le plus souvent assortie du <strong>retraits de points sur le permis<\/strong>.<\/p>\n<p>Pour les d\u00e9lits routiers les plus importants, la dur\u00e9e de la suspension est g\u00e9n\u00e9ralement de 3 ans, voire 5 ans pour des infractions portant atteinte \u00e0 la vie d\u2019autrui, au d\u00e9lit de fuite, \u00e0 la conduite sous l\u2019empire d\u2019un \u00e9tat alcoolique. Ces peines peuvent \u00eatre doubl\u00e9es en cas de r\u00e9cidive.<\/p>\n<p>Quelques infractions donnant lieu \u00e0 la suspension de permis\u00a0:<\/p>\n<ul>\n<li>Non-respect de la priorit\u00e9<\/li>\n<li>D\u00e9passement de plus de 40km\/h par rapport \u00e0 la vitesse autoris\u00e9e<\/li>\n<li>Circulation en sens inverse sur l\u2019autoroute<\/li>\n<li>Conduite sous l\u2019emprise de l\u2019alcool avec un taux sup\u00e9rieur ou \u00e9gal \u00e0 0,8g par litre de sang<\/li>\n<li>Conduite sans assurance du v\u00e9hicule<\/li>\n<li>Utilisation de d\u00e9tecteur de radar<\/li>\n<li>\u2026<\/li>\n<\/ul>\n","protected":false},"excerpt":{"rendered":"<p>Il ne s\u2019agit pas d\u2019une annulation de permis mais bien d\u2019une suspension. C\u2019est-\u00e0-dire que le conducteur recouvrera la possibilit\u00e9 de conduire une fois le d\u00e9lai de suspension \u00e9coul\u00e9 alors qu\u2019en cas d\u2019annulation du permis, il sera oblig\u00e9, si il veut reconduire, de repasser son permis. La suspension du permis de conduire s\u2019applique \u00e0 toutes les cat\u00e9gorie du permis du conducteur &#8230; <\/p>\n<div><a href=\"https:\/\/www.sospermisapoint.fr\/permis-a-points\/suspension-administrative-du-permis-de-conduire\/\" class=\"more-link\">Lire la Suite<\/a><\/div>\n","protected":false},"author":3,"featured_media":0,"parent":0,"menu_order":0,"comment_status":"closed","ping_status":"closed","template":"","meta":{"footnotes":""},"class_list":["post-134","page","type-page","status-publish","hentry","no-post-thumbnail"],"aioseo_notices":[],"_links":{"self":[{"href":"https:\/\/www.sospermisapoint.fr\/permis-a-points\/wp-json\/wp\/v2\/pages\/134","targetHints":{"allow":["GET"]}}],"collection":[{"href":"https:\/\/www.sospermisapoint.fr\/permis-a-points\/wp-json\/wp\/v2\/pages"}],"about":[{"href":"https:\/\/www.sospermisapoint.fr\/permis-a-points\/wp-json\/wp\/v2\/types\/page"}],"author":[{"embeddable":true,"href":"https:\/\/www.sospermisapoint.fr\/permis-a-points\/wp-json\/wp\/v2\/users\/3"}],"replies":[{"embeddable":true,"href":"https:\/\/www.sospermisapoint.fr\/permis-a-points\/wp-json\/wp\/v2\/comments?post=134"}],"version-history":[{"count":1,"href":"https:\/\/www.sospermisapoint.fr\/permis-a-points\/wp-json\/wp\/v2\/pages\/134\/revisions"}],"predecessor-version":[{"id":158,"href":"https:\/\/www.sospermisapoint.fr\/permis-a-points\/wp-json\/wp\/v2\/pages\/134\/revisions\/158"}],"wp:attachment":[{"href":"https:\/\/www.sospermisapoint.fr\/permis-a-points\/wp-json\/wp\/v2\/media?parent=134"}],"curies":[{"name":"wp","href":"https:\/\/api.w.org\/{rel}","templated":true}]}}