{"id":195,"date":"2014-07-05T08:47:21","date_gmt":"2014-07-05T07:47:21","guid":{"rendered":"http:\/\/www.sospermisapoint.fr\/blog\/?p=195"},"modified":"2014-08-25T13:06:33","modified_gmt":"2014-08-25T12:06:33","slug":"conditions-inscription-stage-recuperation-de-points","status":"publish","type":"page","link":"https:\/\/www.sospermisapoint.fr\/permis-a-points\/conditions-inscription-stage-recuperation-de-points\/","title":{"rendered":"Conditions d\u2019inscription \u00e0 un stage de r\u00e9cup\u00e9ration de points"},"content":{"rendered":"<p>Avant d\u2019effectuer un <a title=\"Stage de r\u00e9cup\u00e9ration de points\" href=\"http:\/\/www.sospermisapoint.fr\">stage de r\u00e9cup\u00e9ration de points<\/a> de permis de conduire, vous devez vous assurer d\u2019un certain nombre de choses. La v\u00e9rification, de votre part, de ces \u00e9l\u00e9ments vous permettra d\u2019\u00e9viter de vous inscrire \u00e0 un stage permis \u00e0 points auquel vous n\u2019avez pas droit ou dont vous n\u2019avez pas besoin.<\/p>\n<p>Rappel\u00a0: La session de stage de r\u00e9cup\u00e9ration de points se fait sur deux jours cons\u00e9cutif et vous permet de r\u00e9cup\u00e9rer jusqu\u2019\u00e0 4 points sur votre permis de conduire.<\/p>\n<p>Si vous \u00e9prouvez la moindre difficult\u00e9 \u00e0 r\u00e9unir l\u2019ensemble des informations n\u00e9cessaire \u00e0 la participation \u00e0 un <a title=\"Stage permis \u00e0 points\" href=\"http:\/\/www.sospermisapoint.fr\">stage permis \u00e0 points<\/a>, n\u2019h\u00e9sitez pas \u00e0 contacter l\u2019un de nos conseillers pour vous accompagner dans votre d\u00e9marche.<\/p>\n<p>&nbsp;<\/p>\n<h2>Vous avez votre permis de conduire depuis plus de 3 ans<\/h2>\n<p>Dans ce cas, votre permis de conduire est un permis \u00e0 12 points. Vous souhaitez effectuer un stage de r\u00e9cup\u00e9ration \u00e0 la suite de la perte de points dues \u00e0 une ou plusieurs infractions au code de la route. Dans ce cadre, il vous faut v\u00e9rifier les points suivants\u00a0:<\/p>\n<ul>\n<li>Ne pas avoir effectu\u00e9 de stage similaire depuis moins d\u2019un an et un jour par rapport \u00e0 la date de la prochaine session de stage. (<em>Exemple, si vous avez effectu\u00e9 un stage permis \u00e0 points le 10 mars 2012, vous ne pourrez pr\u00e9tendre \u00e0 un nouveau stage de r\u00e9cup\u00e9ration de points qu\u2019apr\u00e8s le 11 mars 2013<\/em>)<\/li>\n<li>Avoir effectivement perdu des points sur votre permis de conduire et que ces points perdus ait bien \u00e9t\u00e9 retir\u00e9 au Fichier National des Permis de Conduire (FNPC). Pour le v\u00e9rifier, vous pouvez obtenir un relev\u00e9 int\u00e9gral d\u2019information de votre permis de conduire aupr\u00e8s de la pr\u00e9fecture de votre domicile ou sur Internet gr\u00e2ce au service <a title=\"T\u00e9l\u00e9service T\u00e9l\u00e9points\" href=\"http:\/\/www.telepoints-fr.com\" target=\"_blank\">T\u00e9l\u00e9points<\/a>.<\/li>\n<li>Avoir au moins 1 point sur votre permis de conduire ou ne pas avoir r\u00e9ceptionn\u00e9 une <a title=\"Lettre 48SI\" href=\"http:\/\/www.sospermisapoint.fr\/permis-a-points\/lettre-48si\/\">lettre recommand\u00e9e r\u00e9f\u00e9rence 48SI<\/a> provenant du Minist\u00e8re de l\u2019Int\u00e9rieur vous stipulant l\u2019invalidation de votre permis de conduire. (<em>Attention, la r\u00e9ception de ce courrier se traduit par la signature de l\u2019accus\u00e9 r\u00e9ception du recommand\u00e9, si vous avez re\u00e7u l\u2019avis de recommand\u00e9, vous avez encore 15 jours pour r\u00e9ceptionner le courrier aupr\u00e8s de votre bureau de poste et donc 15 jours pour effectuer un stage de r\u00e9cup\u00e9ration de points avant la r\u00e9ception officiel de ce courrier<\/em>)<\/li>\n<\/ul>\n<p>Conseil\u00a0: Pour effectuer un stage de r\u00e9cup\u00e9ration de points, nous vous conseillons d\u2019avoir perdu au minimum 4 points afin de rentabiliser le co\u00fbt du stage. Au-dessous de 4 points perdus, sachant que votre nombre de points ne pourra pas exc\u00e9der 12 points, l\u2019op\u00e9ration serait d\u2019un moindre \u00ab\u00a0rentabilit\u00e9\u00a0\u00bb.<\/p>\n<p>&nbsp;<\/p>\n<h2>Vous \u00eates en p\u00e9riode probatoire\u00a0:<\/h2>\n<p>Vous pouvez dans ce cadre effectuer un stage permis \u00e0 points volontaire tous les ans.<\/p>\n<p>Par contre, si vous avez re\u00e7u une <a title=\"Lettre 48N\" href=\"http:\/\/www.sospermisapoint.fr\/permis-a-points\/lettre-48n\/\">lettre 48N<\/a>, vous devrez imp\u00e9rativement effectuer un stage de r\u00e9cup\u00e9ration de points dans les 4 mois \u00e0 r\u00e9ception de ce courrier provenant du Minist\u00e8re de l\u2019Int\u00e9rieur.<\/p>\n<p>Vous devrez fournir une copie de la lettre 48N lors de votre stage permis \u00e0 points et, \u00e0 la suite du stage, vous pourrez pr\u00e9tendre au remboursement de l\u2019amende forfaitaire. L\u2019organisme vous remettra, \u00e0 la fin du stage, en plus de votre attestation de stage, les \u00e9l\u00e9ments n\u00e9cessaires \u00e0 la demande de remboursement de l\u2019amende aupr\u00e8s du Tr\u00e9sor Public.<\/p>\n<p>Pour toutes questions suppl\u00e9mentaires, n\u2019h\u00e9sitez pas \u00e0 contacter notre service clients qui vous accompagnera dans vos d\u00e9marches de montage de dossier pour un stage permis \u00e0 points.<\/p>\n<p>&nbsp;<\/p>\n<h2>Cas de la peine compl\u00e9mentaire\u00a0:<\/h2>\n<p>Dans le cadre de la peine compl\u00e9mentaire, il s\u2019agit d\u2019effectuer un <a title=\"Stage obligatoire\" href=\"http:\/\/www.sospermisapoint.fr\/permis-a-points\/stage-obligatoire-permis-probatoire\/\">stage de sensibilisation \u00e0 la s\u00e9curit\u00e9 routi\u00e8re obligatoire<\/a>, prononc\u00e9 par le juge d\u2019application des peines. Vous avez g\u00e9n\u00e9ralement un d\u00e9lai de 6 mois pour effectuer ce stage mais attention, ce stage est \u00e0 vos frais et ne donne pas droit \u00e0 la r\u00e9cup\u00e9ration de points du permis de conduire.<\/p>\n<p>&nbsp;<\/p>\n<h2>Cas de la composition p\u00e9nale ou de l\u2019alternative \u00e0 la poursuite\u00a0:<\/h2>\n<p>L\u00e0 encore, il s\u2019agit d\u2019effectuer un stage de sensibilisation \u00e0 la s\u00e9curit\u00e9 routi\u00e8re obligatoire, prononc\u00e9 par le Procureur de la R\u00e9publique ou par le substitut du Procureur de la R\u00e9publique. De la m\u00eame fa\u00e7on que dans le cadre de la peine compl\u00e9mentaire, ce stage reste \u00e0 vos frais et ne donne pas droit \u00e0 la r\u00e9cup\u00e9ration de points sur votre permis de conduire.<\/p>\n","protected":false},"excerpt":{"rendered":"<p>Avant d\u2019effectuer un stage de r\u00e9cup\u00e9ration de points de permis de conduire, vous devez vous assurer d\u2019un certain nombre de choses. La v\u00e9rification, de votre part, de ces \u00e9l\u00e9ments vous permettra d\u2019\u00e9viter de vous inscrire \u00e0 un stage permis \u00e0 points auquel vous n\u2019avez pas droit ou dont vous n\u2019avez pas besoin. Rappel\u00a0: La session de stage de r\u00e9cup\u00e9ration de &#8230; <\/p>\n<div><a href=\"https:\/\/www.sospermisapoint.fr\/permis-a-points\/conditions-inscription-stage-recuperation-de-points\/\" class=\"more-link\">Lire la Suite<\/a><\/div>\n","protected":false},"author":3,"featured_media":0,"parent":0,"menu_order":0,"comment_status":"closed","ping_status":"closed","template":"","meta":{"footnotes":""},"class_list":["post-195","page","type-page","status-publish","hentry","no-post-thumbnail"],"aioseo_notices":[],"_links":{"self":[{"href":"https:\/\/www.sospermisapoint.fr\/permis-a-points\/wp-json\/wp\/v2\/pages\/195","targetHints":{"allow":["GET"]}}],"collection":[{"href":"https:\/\/www.sospermisapoint.fr\/permis-a-points\/wp-json\/wp\/v2\/pages"}],"about":[{"href":"https:\/\/www.sospermisapoint.fr\/permis-a-points\/wp-json\/wp\/v2\/types\/page"}],"author":[{"embeddable":true,"href":"https:\/\/www.sospermisapoint.fr\/permis-a-points\/wp-json\/wp\/v2\/users\/3"}],"replies":[{"embeddable":true,"href":"https:\/\/www.sospermisapoint.fr\/permis-a-points\/wp-json\/wp\/v2\/comments?post=195"}],"version-history":[{"count":3,"href":"https:\/\/www.sospermisapoint.fr\/permis-a-points\/wp-json\/wp\/v2\/pages\/195\/revisions"}],"predecessor-version":[{"id":197,"href":"https:\/\/www.sospermisapoint.fr\/permis-a-points\/wp-json\/wp\/v2\/pages\/195\/revisions\/197"}],"wp:attachment":[{"href":"https:\/\/www.sospermisapoint.fr\/permis-a-points\/wp-json\/wp\/v2\/media?parent=195"}],"curies":[{"name":"wp","href":"https:\/\/api.w.org\/{rel}","templated":true}]}}