{"id":198,"date":"2014-07-06T10:28:25","date_gmt":"2014-07-06T09:28:25","guid":{"rendered":"http:\/\/www.sospermisapoint.fr\/blog\/?p=198"},"modified":"2016-03-03T10:43:06","modified_gmt":"2016-03-03T09:43:06","slug":"programme-stage-recuperation-de-points","status":"publish","type":"page","link":"https:\/\/www.sospermisapoint.fr\/permis-a-points\/programme-stage-recuperation-de-points\/","title":{"rendered":"Programme d\u2019un stage de r\u00e9cup\u00e9ration de points"},"content":{"rendered":"<p>Comme nous l\u2019avons \u00e9voqu\u00e9 dans cette <a title=\"Stage de r\u00e9cup\u00e9ration de points pas cher\" href=\"http:\/\/www.sospermisapoint.fr\/permis-a-points\/stage-recuperation-de-points-pas-cher\/\">rubrique<\/a>, le stage de r\u00e9cup\u00e9ration de points appel\u00e9 officiellement stage de sensibilisation \u00e0 la s\u00e9curit\u00e9 routi\u00e8re est l\u00e9gif\u00e9r\u00e9 par un programme identique quel que soit le lieu du stage ou l\u2019organisme organisateur. Ce type de stage existe depuis juillet 1992, date de la mise en place du dispositif du permis \u00e0 points. Les stages sont organis\u00e9s du lundi au samedi mais jamais le dimanche.<\/p>\n<p>&nbsp;<\/p>\n<h2>Animation du stage\u00a0:<\/h2>\n<p>Le stage de r\u00e9cup\u00e9ration de points est anim\u00e9 par deux intervenants sp\u00e9cialistes de la s\u00e9curit\u00e9 routi\u00e8re et des comportements.<\/p>\n<p>L\u2019un, enseignant exp\u00e9riment\u00e9 de la s\u00e9curit\u00e9 routi\u00e8re et de la conduite, ayant une formation de B.A.F.M\u00a0 (<em>Brevet d\u2019Aptitude \u00e0 la Formation de Moniteurs<\/em>), c\u2019est-\u00e0-dire qu\u2019il a un niveau de comp\u00e9tences lui permettant de former des moniteurs d\u2019auto-\u00e9cole. L\u2019autre est un psychologue dipl\u00f4m\u00e9.<\/p>\n<p>Ces deux intervenants ont obligatoirement suivis une formation dipl\u00f4mante compl\u00e9mentaires aupr\u00e8s de l\u2019I.N.S.E.R.R (<em>Institut National de S\u00e9curit\u00e9 Routi\u00e8re et de Recherches<\/em>) leur permettant d\u2019animer un stage permis \u00e0 points.<\/p>\n<p>De plus, les deux animateurs, pour animer un stage de r\u00e9cup\u00e9ration de points, auront obtenu pr\u00e9alablement un agr\u00e9ment pr\u00e9fectoral leur permettant d\u2019exercer leur m\u00e9tier d\u2019animateur permis \u00e0 points.<\/p>\n<p>&nbsp;<\/p>\n<h2>Programme du stage\u00a0:<\/h2>\n<p>Quel que soit le type de stage, volontaire ou obligatoire, le stage de sensibilisation \u00e0 la s\u00e9curit\u00e9 routi\u00e8re se d\u00e9roule donc sur deux jours \u00e0 raison de 7h de formation aux risques routiers par jour, soit 14 heures de formation au total. Les horaires sont g\u00e9n\u00e9ralement d\u00e9finis par le centre organisateur. Durant la journ\u00e9e de stage, une pause d\u00e9jeuner d\u2019environ une heure est pr\u00e9vue, mais le co\u00fbt du repas reste \u00e0 la charge du stagiaire.<\/p>\n<h3>Premi\u00e8re journ\u00e9e \u2013 th\u00e8mes abord\u00e9s\u00a0:<\/h3>\n<ul>\n<li>Accueil des stagiaires,<\/li>\n<li>Pr\u00e9sentation du stage<\/li>\n<li>Tour de table et pr\u00e9sentation des stagiaires et des animateurs<\/li>\n<li>Expos\u00e9 des donn\u00e9es de la S\u00e9curit\u00e9 Routi\u00e8re\u00a0: G\u00e9n\u00e9ralit\u00e9s et statistiques<\/li>\n<li>Accidentologie\u00a0: les logiques d\u2019accidents<\/li>\n<li>\u00c9valuation des connaissances et perception de la route<\/li>\n<li>Les donn\u00e9es psychologiques en situation de conduite<\/li>\n<li>Analyse des limites personnelles<\/li>\n<li>Vigilance, temps de r\u00e9action et champ visuel<\/li>\n<li>Analyse des comportements et situation d\u2019infraction<\/li>\n<\/ul>\n<h3>Deuxi\u00e8me journ\u00e9e\u00a0\u2013 th\u00e8mes abord\u00e9s :<\/h3>\n<ul>\n<li>Analyse de cas d\u2019accident en groupe<\/li>\n<li>Facteurs d\u2019accidents,<\/li>\n<li>Facteurs d\u2019am\u00e9lioration (discussion de groupe)<\/li>\n<li>\u00c9tudes de solutions<\/li>\n<li>Limites physiques des v\u00e9hicules et leurs cons\u00e9quences<\/li>\n<li>Alcool et stup\u00e9fiants au volant<\/li>\n<li>Am\u00e9lioration individuel du comportement<\/li>\n<li>Conclusions, synth\u00e8se et tour de table<\/li>\n<\/ul>\n<p>&nbsp;<\/p>\n<h2>Objectif d&rsquo;un stage de sensibilisation \u00e0 la s\u00e9curit\u00e9 routi\u00e8re :<\/h2>\n<p>L\u2019un des premiers objectifs du stage de sensibilisation \u00e0 la s\u00e9curit\u00e9 routi\u00e8re consiste \u00e0 sensibiliser les conducteurs, avec une p\u00e9dagogie adapt\u00e9e, pour leur faire changer de comportement au volant. Il est capital de faire prendre conscience \u00e0 chacun des participants que la route est un espace de convivialit\u00e9 emprunt\u00e9 par vous et aussi d\u2019autres usagers de la route.<\/p>\n<p>Durant le d\u00e9roulement du programme, tous les participants sont invit\u00e9s \u00e0 intervenir activement \u00e0 la formation au travers des mises en situation \u00e9voqu\u00e9es par les animateurs.<\/p>\n<p>L\u2019autre objectif du stage de sensibilisation \u00e0 la s\u00e9curit\u00e9 routi\u00e8re, c\u2019est aussi de r\u00e9cup\u00e9rer jusqu\u2019\u00e0 4 points sur le permis de conduire.<\/p>\n<p>Aucun examen de connaissance du code de la route ou de pratique de la conduite n\u2019est effectu\u00e9 durant un stage permis \u00e0 points. Seule votre pr\u00e9sence et le respect des horaires est obligatoire pour pr\u00e9tendre \u00e0 la r\u00e9cup\u00e9ration de points.<\/p>\n<p>Enfin, sachez que vous pouvez effectuer un stage de sensibilisation \u00e0 la s\u00e9curit\u00e9 routi\u00e8re n\u2019importe o\u00f9 en France. Le lieu o\u00f9 vous effectuez le stage n\u2019est pas li\u00e9 \u00e0 la commune de votre domicile. De la sorte, vous pouvez effectuer un stage permis \u00e0 points proche de votre domicile, mais aussi proche de votre lieu de travail ou durant un d\u00e9placement.<\/p>\n<p><em>Textes relatifs au stage de sensibilisation \u00e0 la s\u00e9curit\u00e9 routi\u00e8re\u00a0<\/em>: <a title=\"Texte l\u00e9gaux stage permis \u00e0 points\" href=\"http:\/\/www.legifrance.gouv.fr\/affichCodeArticle.do;jsessionid=9BA2A655C47F80DF1CDA34D9CC70280D.tpdjo08v_1?idArticle=LEGIARTI000025843027&amp;cidTexte=LEGITEXT000006074228&amp;dateTexte=20121107\" target=\"_blank\">ICI<\/a><\/p>\n","protected":false},"excerpt":{"rendered":"<p>Comme nous l\u2019avons \u00e9voqu\u00e9 dans cette rubrique, le stage de r\u00e9cup\u00e9ration de points appel\u00e9 officiellement stage de sensibilisation \u00e0 la s\u00e9curit\u00e9 routi\u00e8re est l\u00e9gif\u00e9r\u00e9 par un programme identique quel que soit le lieu du stage ou l\u2019organisme organisateur. Ce type de stage existe depuis juillet 1992, date de la mise en place du dispositif du permis \u00e0 points. Les stages &#8230; <\/p>\n<div><a href=\"https:\/\/www.sospermisapoint.fr\/permis-a-points\/programme-stage-recuperation-de-points\/\" class=\"more-link\">Lire la Suite<\/a><\/div>\n","protected":false},"author":3,"featured_media":0,"parent":0,"menu_order":0,"comment_status":"closed","ping_status":"closed","template":"","meta":{"footnotes":""},"class_list":["post-198","page","type-page","status-publish","hentry","no-post-thumbnail"],"aioseo_notices":[],"_links":{"self":[{"href":"https:\/\/www.sospermisapoint.fr\/permis-a-points\/wp-json\/wp\/v2\/pages\/198","targetHints":{"allow":["GET"]}}],"collection":[{"href":"https:\/\/www.sospermisapoint.fr\/permis-a-points\/wp-json\/wp\/v2\/pages"}],"about":[{"href":"https:\/\/www.sospermisapoint.fr\/permis-a-points\/wp-json\/wp\/v2\/types\/page"}],"author":[{"embeddable":true,"href":"https:\/\/www.sospermisapoint.fr\/permis-a-points\/wp-json\/wp\/v2\/users\/3"}],"replies":[{"embeddable":true,"href":"https:\/\/www.sospermisapoint.fr\/permis-a-points\/wp-json\/wp\/v2\/comments?post=198"}],"version-history":[{"count":6,"href":"https:\/\/www.sospermisapoint.fr\/permis-a-points\/wp-json\/wp\/v2\/pages\/198\/revisions"}],"predecessor-version":[{"id":334,"href":"https:\/\/www.sospermisapoint.fr\/permis-a-points\/wp-json\/wp\/v2\/pages\/198\/revisions\/334"}],"wp:attachment":[{"href":"https:\/\/www.sospermisapoint.fr\/permis-a-points\/wp-json\/wp\/v2\/media?parent=198"}],"curies":[{"name":"wp","href":"https:\/\/api.w.org\/{rel}","templated":true}]}}