{"id":204,"date":"2014-06-20T14:00:26","date_gmt":"2014-06-20T13:00:26","guid":{"rendered":"http:\/\/www.sospermisapoint.fr\/blog\/?p=204"},"modified":"2014-08-25T13:00:48","modified_gmt":"2014-08-25T12:00:48","slug":"agrement-prefectoral-permis-a-points","status":"publish","type":"page","link":"https:\/\/www.sospermisapoint.fr\/permis-a-points\/agrement-prefectoral-permis-a-points\/","title":{"rendered":"Agr\u00e9ment pr\u00e9fectoral permis \u00e0 points"},"content":{"rendered":"<p>Pour qu\u2019une structure ait la possibilit\u00e9 d\u2019organiser des stages de r\u00e9cup\u00e9ration de points du permis de conduire, il lui faut pr\u00e9alablement obtenir un agr\u00e9ment de la part de la pr\u00e9fecture o\u00f9 elle envisage de planifier ses sessions de stages.<\/p>\n<p>L\u2019organisme d\u00e9pose donc une demande aupr\u00e8s de la pr\u00e9fecture o\u00f9 auront lieu les stages permis \u00e0 points. A la pr\u00e9fecture, une commission sp\u00e9cialis\u00e9e dans la d\u00e9livrance d\u2019agr\u00e9ment \u00e9met un avis favorable ou d\u00e9favorable \u00e0 la demande de l\u2019organisme.<\/p>\n<p>Si l\u2019avis est d\u00e9favorable, l\u2019organisme ne pourra en aucun cas organiser des stages dans un des lieux pour lesquels l\u2019agr\u00e9ment a \u00e9t\u00e9 demand\u00e9.<\/p>\n<p>Si l\u2019avis est positif, bien entendu, l\u2019organisme pourra alors organiser des stages dans le ou les lieux pour lesquels il a obtenu l\u2019agr\u00e9ment pr\u00e9fectoral.<\/p>\n<p>&nbsp;<\/p>\n<h2>Obligation de l\u2019organisme permis \u00e0 points\u00a0:<\/h2>\n<p>Chaque ann\u00e9e, l\u2019organisme a l\u2019obligation de d\u00e9poser en pr\u00e9fecture le planning des stages qu\u2019il souhaite organiser dans les lieux pour lesquels il a obtenu l\u2019agr\u00e9ment.<\/p>\n<p>Chaque stage organis\u00e9 devra se conformer au <a title=\"Programme d\u2019un stage de r\u00e9cup\u00e9ration de points\" href=\"http:\/\/www.sospermisapoint.fr\/permis-a-points\/programme-stage-recuperation-de-points\/\">programme \u00e9tabli<\/a> par le Minist\u00e8re de l\u2019Int\u00e9rieur.<\/p>\n<p>Un <a title=\"Stage de r\u00e9cup\u00e9ration de points\" href=\"http:\/\/www.sospermisapoint.fr\" target=\"_blank\">stage de r\u00e9cup\u00e9ration de points<\/a> devra se d\u00e9rouler sur deux jours cons\u00e9cutifs pouvant s\u2019effectuer du lundi au samedi mais jamais un dimanche. En outre il devra comporter 14 heures de formation r\u00e9partis sur deux jours, \u00e0 savoir 7 heures par jour. Et enfin, le nombre de participant minimum sera au nombre de 6 et ne devra jamais exc\u00e9der 20 stagiaires.<\/p>\n<p>Dans le cas o\u00f9 le nombre de stagiaires inscrit serait inf\u00e9rieur \u00e0 6, l\u2019organisme devra annuler le stage et proposer \u00e9ventuellement aux stagiaires une nouvelle session.<\/p>\n<p>Chaque stage devra \u00eatre anim\u00e9 par deux intervenants justifiant d\u2019un Dipl\u00f4me obtenu \u00e0 l\u2019<a title=\"I.N.S.E.R.R.\" href=\"http:\/\/www.inserr.org\/\" target=\"_blank\">INSERR <\/a>(<em>Institut National de S\u00e9curit\u00e9 Routi\u00e8re et de Recherches<\/em>). L\u2019un aura une formation de BAFM (<em>Brevet d\u2019Aptitude \u00e0 la Formation de Moniteur<\/em>), l\u2019autre sera un Psychologue dipl\u00f4m\u00e9 ayant tous deux, bien entendu, suivi la formation aupr\u00e8s de l\u2019I.N.S.E.R.R. Ils devront justifier d\u2019un certificat d\u2019aptitude d\u00e9livr\u00e9 par le Minist\u00e8re des Transports.<\/p>\n<p>&nbsp;<\/p>\n<h2><strong>Comment v\u00e9rifier qu\u2019un organisme est agr\u00e9\u00e9 par la pr\u00e9fecture\u00a0?<\/strong><\/h2>\n<p>La d\u00e9livrance d\u2019un agr\u00e9ment pr\u00e9fectoral \u00e0 un organisme organisateur de stages de r\u00e9cup\u00e9ration de points se traduit par l\u2019obtention d\u2019un num\u00e9ro d\u2019agr\u00e9ment attribu\u00e9 au lieu dans lequel l\u2019organisme organise ses sessions de stage permis \u00e0 points.<\/p>\n<p>Important\u00a0: V\u00e9rifiez, lors de votre r\u00e9servation de stage de r\u00e9cup\u00e9ration de points, particuli\u00e8rement sur Internet, que le num\u00e9ro d\u2019agr\u00e9ment est visible sur la liste des stages propos\u00e9s.<\/p>\n<p>La visibilit\u00e9 de ce num\u00e9ro d\u2019agr\u00e9ment est un gage de qualit\u00e9 incontournable pour vous assurer de la v\u00e9racit\u00e9 du stage propos\u00e9.<\/p>\n<p><em>Textes l\u00e9gaux sur l\u2019agr\u00e9ment permis \u00e0 points<\/em>\u00a0: <a title=\"Agr\u00e9ment permis \u00e0 points\" href=\"http:\/\/www.legifrance.gouv.fr\/affichCodeArticle.do?cidTexte=LEGITEXT000006074228&amp;idArticle=LEGIARTI000006841420&amp;dateTexte=&amp;categorieLien=cid\" target=\"_blank\">ICI<\/a><\/p>\n<p><em>D\u00e9cret 2003-642 du 11 juillet 2003<\/em>: <a title=\"D\u00e9cret 2003-642 du 11 juillet 2003\" href=\"http:\/\/www.legifrance.gouv.fr\/affichTexte.do?cidTexte=JORFTEXT000000239905&amp;dateTexte=\" target=\"_blank\">ICI<\/a><\/p>\n","protected":false},"excerpt":{"rendered":"<p>Pour qu\u2019une structure ait la possibilit\u00e9 d\u2019organiser des stages de r\u00e9cup\u00e9ration de points du permis de conduire, il lui faut pr\u00e9alablement obtenir un agr\u00e9ment de la part de la pr\u00e9fecture o\u00f9 elle envisage de planifier ses sessions de stages. L\u2019organisme d\u00e9pose donc une demande aupr\u00e8s de la pr\u00e9fecture o\u00f9 auront lieu les stages permis \u00e0 points. A la pr\u00e9fecture, une &#8230; <\/p>\n<div><a href=\"https:\/\/www.sospermisapoint.fr\/permis-a-points\/agrement-prefectoral-permis-a-points\/\" class=\"more-link\">Lire la Suite<\/a><\/div>\n","protected":false},"author":3,"featured_media":0,"parent":0,"menu_order":0,"comment_status":"closed","ping_status":"closed","template":"","meta":{"footnotes":""},"class_list":["post-204","page","type-page","status-publish","hentry","no-post-thumbnail"],"aioseo_notices":[],"_links":{"self":[{"href":"https:\/\/www.sospermisapoint.fr\/permis-a-points\/wp-json\/wp\/v2\/pages\/204","targetHints":{"allow":["GET"]}}],"collection":[{"href":"https:\/\/www.sospermisapoint.fr\/permis-a-points\/wp-json\/wp\/v2\/pages"}],"about":[{"href":"https:\/\/www.sospermisapoint.fr\/permis-a-points\/wp-json\/wp\/v2\/types\/page"}],"author":[{"embeddable":true,"href":"https:\/\/www.sospermisapoint.fr\/permis-a-points\/wp-json\/wp\/v2\/users\/3"}],"replies":[{"embeddable":true,"href":"https:\/\/www.sospermisapoint.fr\/permis-a-points\/wp-json\/wp\/v2\/comments?post=204"}],"version-history":[{"count":3,"href":"https:\/\/www.sospermisapoint.fr\/permis-a-points\/wp-json\/wp\/v2\/pages\/204\/revisions"}],"predecessor-version":[{"id":206,"href":"https:\/\/www.sospermisapoint.fr\/permis-a-points\/wp-json\/wp\/v2\/pages\/204\/revisions\/206"}],"wp:attachment":[{"href":"https:\/\/www.sospermisapoint.fr\/permis-a-points\/wp-json\/wp\/v2\/media?parent=204"}],"curies":[{"name":"wp","href":"https:\/\/api.w.org\/{rel}","templated":true}]}}