{"id":228,"date":"2014-08-24T08:59:42","date_gmt":"2014-08-24T07:59:42","guid":{"rendered":"http:\/\/www.sospermisapoint.fr\/permis-a-points\/?page_id=228"},"modified":"2014-08-24T09:13:46","modified_gmt":"2014-08-24T08:13:46","slug":"stage-de-sensibilisation-a-la-securite-routiere","status":"publish","type":"page","link":"https:\/\/www.sospermisapoint.fr\/permis-a-points\/stage-de-sensibilisation-a-la-securite-routiere\/","title":{"rendered":"Stage de sensibilisation \u00e0 la s\u00e9curit\u00e9 routi\u00e8re"},"content":{"rendered":"<p>Le stage de sensibilisation \u00e0 la s\u00e9curit\u00e9 routi\u00e8re est le nom officiel du stage de r\u00e9cup\u00e9ration de points du permis de conduire. Il intervient lorsque vous avez re\u00e7u de la part du Minist\u00e8re de l\u2019Int\u00e9rieur une lettre 48N qui vous oblige, dans le cadre d\u2019un permis probatoire \u00e0 effectuer un stage de sensibilisation \u00e0 la s\u00e9curit\u00e9 routi\u00e8re (<em>stage obligatoire<\/em>) ou lorsque vous recevez une lettre 48M qui stipule qu\u2019il vous reste 6 points ou moins sur votre permis et qui vous pr\u00e9conise d\u2019effectuer un stage du m\u00eame genre (<em>stage volontaire<\/em>) pour consolider le nombre de points de votre permis de conduire.<\/p>\n<p>Dans l\u2019un ou l\u2019autre des cas, il s\u2019agit bien de stage de r\u00e9cup\u00e9ration de points, d\u00e9nomination usuelle du \u00ab\u00a0<strong>stage de sensibilisation \u00e0 la s\u00e9curit\u00e9 routi\u00e8re<\/strong>\u00a0\u00bb.<\/p>\n<p>Ces stages, organis\u00e9s par des centres agr\u00e9\u00e9s par les pr\u00e9fectures des d\u00e9partements fran\u00e7ais, se d\u00e9roulent sur 2 jours cons\u00e9cutifs de 7 heures chacun, soit 14 heures de formation au total et sont anim\u00e9s par deux intervenants ayant re\u00e7u une formation sp\u00e9cifique pour intervenir dans ce type de stage.<\/p>\n<p>Un stage de sensibilisation \u00e0 la s\u00e9curit\u00e9 routi\u00e8re, l\u00e9gif\u00e9r\u00e9 par l\u2019agr\u00e9ment pr\u00e9fectoral, devra comporter au minimum 6 stagiaires et au maximum 20 candidats. Durant ces deux jours de formation aux risques routiers, les formateurs aborderons diff\u00e9rents sujets sp\u00e9cifiques \u00e0 la s\u00e9curit\u00e9 routi\u00e8re et aux comportements des conducteurs sur la route conform\u00e9ment \u00e0 un programme \u00e9tabli, identique pour tous les stages de sensibilisation \u00e0 la s\u00e9curit\u00e9 routi\u00e8re en France.<\/p>\n<p>L\u2019objectif du stage de sensibilisation \u00e0 la s\u00e9curit\u00e9 routi\u00e8re n\u2019est en aucun cas de culpabiliser le conducteurs sur ses erreurs de conduite qui l\u2019on amen\u00e9 \u00e0 commettre des infractions au code de la route mais bien de le sensibiliser aux risques routiers afin de modifier son comportement au volant et adopter une conduite responsable.<\/p>\n<p>Le plus souvent, les animateurs aborderons les r\u00e8gles \u00e9l\u00e9mentaires de la conduite, rappelant ainsi aux conducteurs ayant pass\u00e9 leur permis depuis bon nombres d\u2019ann\u00e9es, de remettre \u00e0 niveau leurs connaissances. En effet, pour beaucoup de candidat, l\u2019apprentissage de la conduite est assez ancienne et n\u2019a pas b\u00e9n\u00e9ficier, \u00e0 l\u2019\u00e9poque, des m\u00eames enseignements qui ont aujourd\u2019hui \u00e9volu\u00e9 dans les auto-\u00e9coles. L\u2019un des buts du stage de sensibilisation \u00e0 la s\u00e9curit\u00e9 routi\u00e8re \u00e9tant de faire prendre conscience aux conducteurs que la route est un espace de libert\u00e9 partag\u00e9 par tous les conducteurs et de leur faire appr\u00e9hender la route avec une vision diff\u00e9rente afin d\u2019adopter une conduite plus sure pour eux mais aussi pour tous les autres usages de la route.<\/p>\n<p>&nbsp;<\/p>\n<h2>Quand s\u2019inscrire \u00e0 un stage de sensibilisation \u00e0 la s\u00e9curit\u00e9 routi\u00e8re\u00a0?<\/h2>\n<p>Vous pouvez effectuer un stage de sensibilisation \u00e0 la s\u00e9curit\u00e9 routi\u00e8re de mani\u00e8re volontaire lorsque vous estimez que le nombre de points de votre permis de conduire vous semble trop faible. G\u00e9n\u00e9ralement, lorsque votre permis atteint 6 points ou moins, le Minist\u00e8re de l\u2019Int\u00e9rieur vous pr\u00e9conise d\u2019effectuer un stage par lettre 48M.<\/p>\n<p>Conseils\u00a0: N\u2019attendez pas la derni\u00e8re extr\u00e9mit\u00e9 et ne prenez pas le risque de perdre votre permis de conduire par une invalidation pour cause de solde nul pour effectuer un stage. D\u00e8s que vous avez perdu au moins 4 points de permis, nous vous conseillons vivement d\u2019effectuer un stage pour garantir un maximum de points sur votre permis.<\/p>\n<p>D\u2019autres cas peuvent vous contraindre \u00e0 effectuer un stage de sensibilisation \u00e0 la s\u00e9curit\u00e9 routi\u00e8re. Lorsque vous \u00eates un jeune conducteur en p\u00e9riode probatoire et que vous avez perdu 3 points ou plus, le Minist\u00e8re de l\u2019Int\u00e9rieur vous fait parvenir une lettre 48N qui vous oblige \u00e0 suivre un stage dans les 4 mois \u00e0 r\u00e9ception de ce courrier recommand\u00e9.<\/p>\n<p>Enfin un juge d\u2019application des peines, en cas d\u2019infraction graves, ou le Procureur de la R\u00e9publique peuvent vous contraindre \u00e0 effectuer un stage de sensibilisation \u00e0 la s\u00e9curit\u00e9 routi\u00e8re qui dans ce cas ne vous donnera pas la possibilit\u00e9 de r\u00e9cup\u00e9rer des points de permis. C\u2019est particuli\u00e8rement les cas de peine compl\u00e9mentaire, d\u2019alternative \u00e0 la poursuite ou de composition p\u00e9nale.<\/p>\n<p>&nbsp;<\/p>\n<h2>Comment s\u2019inscrire \u00e0 un stage de sensibilisation \u00e0 la s\u00e9curit\u00e9 routi\u00e8re\u00a0?<\/h2>\n<p>L\u2019inscription \u00e0 un stage de sensibilisation \u00e0 la s\u00e9curit\u00e9 routi\u00e8re peut se faire de diff\u00e9rentes fa\u00e7ons. Soit directement aupr\u00e8s d\u2019un organisme agr\u00e9\u00e9 par la pr\u00e9fecture dont vous pourrez trouver les coordonn\u00e9es \u00e0 la pr\u00e9fecture. Certaines auto-\u00e9coles sont aussi agr\u00e9\u00e9es pour organiser des stages de sensibilisation \u00e0 la s\u00e9curit\u00e9 routi\u00e8re.<\/p>\n<p>Enfin, le moyen le plus simple de trouver de fa\u00e7on simple, s\u00e9curis\u00e9e et rapidement, un stage de r\u00e9cup\u00e9ration de points, c\u2019est Internet. En effet, nous tenons \u00e0 votre disposition l\u2019ensemble des stages de sensibilisation \u00e0 la s\u00e9curit\u00e9 routi\u00e8re programm\u00e9s sur toute la France sur notre portail permis \u00e0 points.<\/p>\n<p>&nbsp;<\/p>\n<h2>Les diff\u00e9rents types de stages de sensibilisation aux risques routiers\u00a0:<\/h2>\n<p>Selon votre situation, le stage de sensibilisation \u00e0 la s\u00e9curit\u00e9 routi\u00e8re vous permet g\u00e9n\u00e9ralement de r\u00e9cup\u00e9rer jusqu\u2019\u00e0 4 points sur votre permis de conduire. N\u00e9anmoins, il existe plusieurs cas diff\u00e9rents\u00a0:<\/p>\n<p>Le <strong>stage volontaire<\/strong>\u00a0de sensibilisation \u00e0 la conduite est une d\u00e9marche, comme son nom l\u2019indique, volontaire de la part du conducteur qui, de sa propre initiative, d\u00e9cide d\u2019effectuer un stage de r\u00e9cup\u00e9ration de points, estimant que son nombre de points de permis devient insuffisant. Dans ce cadre, le conducteur va consolider son capital de points de permis. N\u00e9anmoins ce capital de points, une fois la r\u00e9cup\u00e9ration de points effectu\u00e9e, ne pourra exc\u00e9der le capital initial de son permis. Par exemple, si un conducteur poss\u00e8de 9 points sur son permis et qu\u2019il d\u00e9cide de participer \u00e0 un stage de rattrapage de points, il se verra r\u00e9cup\u00e9rer uniquement 3 points de permis pour arriver au capital maximum de son permis qui est initialement de 12 points.<\/p>\n<p>Le <strong>stage obligatoire<\/strong> de sensibilisation s\u00e9curit\u00e9 routi\u00e8re intervient dans 4 circonstances diff\u00e9rentes\u00a0:<\/p>\n<ol>\n<li><strong>Permis probatoire<\/strong>\u00a0: Lorsque vous \u00eates en p\u00e9riode probatoire du permis de conduire et que vous avez commis une infraction au code de la route ayant entra\u00een\u00e9 la perte de 3 points et plus mais inf\u00e9rieur \u00e0 votre capital initial (<em>sans quoi votre permis sera syst\u00e9matiquement invalid\u00e9<\/em>), un courrier 48N vous impose d\u2019effectuer un stage de sensibilisation pour permis probatoire dans un d\u00e9lai de 4 mois apr\u00e8s r\u00e9ception de cette lettre 48N. Au terme du stage, vous r\u00e9cup\u00e9rez 4 points de permis et vous pourrez vous faire rembourser l\u2019amende forfaitaire aupr\u00e8s du Tr\u00e9sor Public moyennant quelques formalit\u00e9s obligatoire.<\/li>\n<li><strong>Composition p\u00e9nale<\/strong>\u00a0: Lorsque vous avez commis une infraction tr\u00e8s grave au code de la route, le juge d\u2019application des peines peut exiger que vous suiviez un stage de sensibilisation \u00e0 la s\u00e9curit\u00e9 routi\u00e8re. C\u2019est le cas du stage composition p\u00e9nale. Ce stage reste \u00e0 vos frais et ne vous donnera pas droit \u00e0 la r\u00e9cup\u00e9ration de points sur votre permis.<\/li>\n<li><strong>Alternative \u00e0 la poursuite<\/strong>\u00a0: Le Procureur de la R\u00e9publique peut vous proposer l\u2019alternative de suivre un stage de sensibilisation \u00e0 la s\u00e9curit\u00e9 routi\u00e8re qui, si vous l\u2019acceptez, annulera les poursuites qui p\u00e8sent contre vous pour les infractions au code de la route que vous avez commis. Le Procureur, dans ce cadre, classera votre dossier \u00ab\u00a0sans suite\u00a0\u00bb et vous n\u2019aurez pas de retrait de points de permis ou d\u2019amende li\u00e9e aux infractions. N\u00e9anmoins, ce type de stage de sensibilisation \u00e0 la s\u00e9curit\u00e9 routi\u00e8re en alternative \u00e0 la poursuite ne vous permet as de r\u00e9cup\u00e9rer des points de permis.<\/li>\n<li><strong>Peine compl\u00e9mentaire<\/strong>\u00a0: Le juge d\u2019application des peines ou le d\u00e9l\u00e9gu\u00e9 du Procureur de la R\u00e9publique peuvent vous contraindre \u00e0 effectuer un stage de sensibilisation \u00e0 la s\u00e9curit\u00e9 routi\u00e8re \u00e0 la suite d\u2019infractions graves commises par le conducteur. Nous sommes l\u00e0 dans le cadre d\u2019un stage de sensibilisation \u00e0 la s\u00e9curit\u00e9 routi\u00e8re en peine compl\u00e9mentaire. Il s\u2019applique en plus des sanctions p\u00e9nales dues aux infractions ou aux d\u00e9lits commis et ne donne en aucun cas droit \u00e0 la r\u00e9cup\u00e9ration de points de permis de conduire<\/li>\n<\/ol>\n<p>&nbsp;<\/p>\n<h2>Programme du stage de sensibilisation \u00e0 la s\u00e9curit\u00e9 routi\u00e8re<\/h2>\n<p>Quel que soit le type de stage de sensibilisation \u00e0 la s\u00e9curit\u00e9 routi\u00e8re, le lieu de stage ou encore l\u2019organisme qui organise le stage, le programme reste identique. Il est impos\u00e9 par l\u2019agr\u00e9ment pr\u00e9fectoral que le centre permis \u00e0 points a obtenu pour organiser des stages de r\u00e9cup\u00e9ration de points. Il se d\u00e9roule sur deux jours qui se suivent et dure au total 14 heures, anim\u00e9 par deux sp\u00e9cialiste s\u00e9curit\u00e9 routi\u00e8re, l\u2019un psychologue et l\u2019autre d\u00e9tenteur du BAFM (<em>Brevet d\u2019Aptitude \u00e0 la Formation de Moniteurs<\/em>).<\/p>\n<p>Diff\u00e9rents th\u00e8mes sont abord\u00e9s et d\u00e9velopp\u00e9s durant ce stage\u00a0:<\/p>\n<h3>Premi\u00e8re journ\u00e9e\u00a0:<\/h3>\n<h4>Matin du 1<sup>er<\/sup> jour\u00a0:<\/h4>\n<ul>\n<li>Pr\u00e9sentation du stage et des animateurs<\/li>\n<li>Tour de table et pr\u00e9sentation des participants<\/li>\n<li>Expos\u00e9 des chiffres de la S\u00e9curit\u00e9 Routi\u00e8re<\/li>\n<li>Accidentologie<\/li>\n<\/ul>\n<h4>Apr\u00e8s-midi du 1<sup>er<\/sup> jour<\/h4>\n<ul>\n<li>\u00c9valuation des connaissances des stagiaires<\/li>\n<li>Donn\u00e9es en situation de conduite<\/li>\n<li>Analyse de nos limites personnelles<\/li>\n<li>Vigilance<\/li>\n<li>Temps de r\u00e9action et champs de vision (perception de la route)<\/li>\n<li>Analyse des circonstances d&rsquo;infraction<\/li>\n<\/ul>\n<h3>Deuxi\u00e8me jour\u00a0:<\/h3>\n<h4>Matin du deuxi\u00e8me jour\u00a0:<\/h4>\n<ul>\n<li>Analyse de cas d&rsquo;accidents r\u00e9els<\/li>\n<li>Les facteurs d&rsquo;accident<\/li>\n<li>Les solutions d\u2019am\u00e9lioration<\/li>\n<li>\u00c9tudes des solutions<\/li>\n<\/ul>\n<h4>Apr\u00e8s-midi du deuxi\u00e8me jour\u00a0:<\/h4>\n<ul>\n<li>Les lois physiques de nos v\u00e9hicules<\/li>\n<li>Alcool et stup\u00e9fiants au volant<\/li>\n<li>Disposition individuelle d&rsquo;am\u00e9lioration<\/li>\n<li>Tour de table, synth\u00e8se et \u00e9valuation du stage<\/li>\n<\/ul>\n","protected":false},"excerpt":{"rendered":"<p>Le stage de sensibilisation \u00e0 la s\u00e9curit\u00e9 routi\u00e8re est le nom officiel du stage de r\u00e9cup\u00e9ration de points du permis de conduire. Il intervient lorsque vous avez re\u00e7u de la part du Minist\u00e8re de l\u2019Int\u00e9rieur une lettre 48N qui vous oblige, dans le cadre d\u2019un permis probatoire \u00e0 effectuer un stage de sensibilisation \u00e0 la s\u00e9curit\u00e9 routi\u00e8re (stage obligatoire) ou &#8230; <\/p>\n<div><a href=\"https:\/\/www.sospermisapoint.fr\/permis-a-points\/stage-de-sensibilisation-a-la-securite-routiere\/\" class=\"more-link\">Lire la Suite<\/a><\/div>\n","protected":false},"author":3,"featured_media":0,"parent":0,"menu_order":0,"comment_status":"closed","ping_status":"closed","template":"","meta":{"footnotes":""},"class_list":["post-228","page","type-page","status-publish","hentry","no-post-thumbnail"],"aioseo_notices":[],"_links":{"self":[{"href":"https:\/\/www.sospermisapoint.fr\/permis-a-points\/wp-json\/wp\/v2\/pages\/228","targetHints":{"allow":["GET"]}}],"collection":[{"href":"https:\/\/www.sospermisapoint.fr\/permis-a-points\/wp-json\/wp\/v2\/pages"}],"about":[{"href":"https:\/\/www.sospermisapoint.fr\/permis-a-points\/wp-json\/wp\/v2\/types\/page"}],"author":[{"embeddable":true,"href":"https:\/\/www.sospermisapoint.fr\/permis-a-points\/wp-json\/wp\/v2\/users\/3"}],"replies":[{"embeddable":true,"href":"https:\/\/www.sospermisapoint.fr\/permis-a-points\/wp-json\/wp\/v2\/comments?post=228"}],"version-history":[{"count":1,"href":"https:\/\/www.sospermisapoint.fr\/permis-a-points\/wp-json\/wp\/v2\/pages\/228\/revisions"}],"predecessor-version":[{"id":230,"href":"https:\/\/www.sospermisapoint.fr\/permis-a-points\/wp-json\/wp\/v2\/pages\/228\/revisions\/230"}],"wp:attachment":[{"href":"https:\/\/www.sospermisapoint.fr\/permis-a-points\/wp-json\/wp\/v2\/media?parent=228"}],"curies":[{"name":"wp","href":"https:\/\/api.w.org\/{rel}","templated":true}]}}