{"id":233,"date":"2014-08-24T09:19:05","date_gmt":"2014-08-24T08:19:05","guid":{"rendered":"http:\/\/www.sospermisapoint.fr\/permis-a-points\/?page_id=233"},"modified":"2014-08-25T08:34:33","modified_gmt":"2014-08-25T07:34:33","slug":"permis-probatoire-et-conduite-accompagnee","status":"publish","type":"page","link":"https:\/\/www.sospermisapoint.fr\/permis-a-points\/permis-probatoire-et-conduite-accompagnee\/","title":{"rendered":"Permis probatoire et conduite accompagn\u00e9e"},"content":{"rendered":"<div id=\"docu_gauche\">\n<div style=\"text-align: justify;\">\n<p>Il convient d&rsquo;envisager deux cas d\u2019obtention du permis probatoire pour un jeune conducteur. Le premier obtenu de fa\u00e7on classique et celui obtenu avec la conduite accompagn\u00e9e.<\/p>\n<p>&nbsp;<\/p>\n<h2>La conduite accompagn\u00e9e\u00a0:<\/h2>\n<h2><\/h2>\n<p>Dans le cadre de la conduite accompagn\u00e9e, le candidat devra \u00eatre \u00e2g\u00e9 de 16 \u00e0 18 ans lors de son inscription et de 18 ans minimum lors de sa pr\u00e9sentation \u00e0 l\u2019\u00e9preuve pratiques du permis de conduire.D\u2019autre part, l\u2019accompagnant aura obtenu son permis B depuis plus de cinq ans r\u00e9volus et ne doit pas avoir subi d\u2019annulation ou de suspension de permis durant ces \u00a0cinq derni\u00e8res ann\u00e9es. L\u2019accompagnateur devra s\u2019assurer d\u2019obtenir l\u2019assurance adapt\u00e9e \u00e0 la conduite accompagn\u00e9e aupr\u00e8s de son assureur. L\u2019assureur peut \u00e9ventuellement refuser d\u2019assurer l\u2019accompagnateur si il a commis des infractions graves.<\/p>\n<p>Le jeune conducteur potentiel peut avoir plusieurs accompagnateurs qu\u2019il soit dans le cadre familial ou en dehors de celui-ci.<\/p>\n<p>Dans le cadre du suivi de la formation, il est pr\u00e9vu trois rendez-vous p\u00e9dagogiques obligatoires\u00a0:<\/p>\n<ul>\n<li>Le premier d\u2019une dur\u00e9e minimum de deux heures entre l\u2019accompagnateur et le moniteur de l\u2019auto-\u00e9cole,<\/li>\n<li>Le second lorsque l\u2019\u00e9l\u00e8ve aura parcouru 1000 km apr\u00e8s six \u00e0 huit mois de conduite accompagn\u00e9e,<\/li>\n<li>Le troisi\u00e8me apr\u00e8s que l\u2019\u00e9l\u00e8ve est parcouru 3000 km.<\/li>\n<\/ul>\n<p>Le v\u00e9hicule utilis\u00e9 dans le cadre de la conduite accompagn\u00e9e doit \u00eatre obligatoirement \u00e9quip\u00e9 de deux r\u00e9troviseurs lat\u00e9raux et d\u2019un disque magn\u00e9tique ou autocollant stipulant la conduite accompagn\u00e9e et appos\u00e9 \u00e0 l\u2019arri\u00e8re du v\u00e9hicule lorsque le jeune conducteur\u00a0 est au volant.<\/p>\n<p>Cette d\u00e9marche d\u2019apprentissage anticip\u00e9 de la conduite permet \u00e0 un jeune d\u00e8s l\u2019\u00e2ge de 16\u00a0 ans de se familiariser \u00e0 la conduite d\u2019un v\u00e9hicule.<\/p>\n<p>La dur\u00e9e d\u2019apprentissage dans le cadre de la conduite accompagn\u00e9e et de un \u00e0 trois ans durant\u00a0 lesquels le jeune conducteur devra parcourir 3000 km au minimum.<\/p>\n<p>Durant l\u2019accompagnement de la conduite, valable essentiellement sur le territoire fran\u00e7ais, il devra se conformer aux limitations de vitesse de 110 km\/h sur autoroute au lieu de 130km\/h, 100 km\/h sur les autres sections d&rsquo;autoroutes et les routes \u00e0 deux voies s\u00e9par\u00e9es par un terre-plein central au lieu de 110km\/h, 80 km\/h sur les autres routes au lieu de 90km\/h et enfin, 50 km\/h en agglom\u00e9ration.<\/p>\n<p>&nbsp;<\/p>\n<h2>Les avantages de la conduite accompagn\u00e9e\u00a0:<\/h2>\n<p>Le jeune conducteur pourra obtenir une \u00e9ventuelle r\u00e9duction de l\u2019assurance de son v\u00e9hicule en pr\u00e9sentant l\u2019attestation de fin de conduite accompagn\u00e9e d\u00e9livr\u00e9e par son auto-\u00e9cole.<\/p>\n<p>La capitalisation de son nombre\u00a0de points de permis de conduire sera plus rapide, en effet, il pourra obtenir 12 points de permis au bout de deux ans \u00e0 raison de trois points par an sous r\u00e9serve de n\u2019avoir commis aucune infraction.<\/p>\n<h3><\/h3>\n<h3>Tableau r\u00e9capitulatif du nombre de points dans le cadre d\u2019un permis probatoire\u00a0:<\/h3>\n<table border=\"1\" width=\"812\" cellspacing=\"0\" cellpadding=\"5\">\n<tbody>\n<tr>\n<td valign=\"top\" width=\"245\"><\/td>\n<td valign=\"top\" width=\"284\">\n<p align=\"center\">Sans conduite accompagn\u00e9e<\/p>\n<\/td>\n<td valign=\"top\" width=\"284\">\n<p align=\"center\">Avec conduite accompagn\u00e9e<\/p>\n<\/td>\n<\/tr>\n<tr>\n<td valign=\"top\" width=\"245\">\n<p align=\"center\">A l\u2019obtention du permis<\/p>\n<\/td>\n<td valign=\"top\" width=\"284\">\n<p align=\"center\">6 points<\/p>\n<\/td>\n<td valign=\"top\" width=\"284\">\n<p align=\"center\">6 points<\/p>\n<\/td>\n<\/tr>\n<tr>\n<td valign=\"top\" width=\"245\">\n<p align=\"center\">Ann\u00e9e N + 1 an<\/p>\n<\/td>\n<td valign=\"top\" width=\"284\">\n<p align=\"center\">8 points<\/p>\n<\/td>\n<td valign=\"top\" width=\"284\">\n<p align=\"center\">9 points<\/p>\n<\/td>\n<\/tr>\n<tr>\n<td valign=\"top\" width=\"245\">\n<p align=\"center\">Ann\u00e9e N + 2 ans<\/p>\n<\/td>\n<td valign=\"top\" width=\"284\">\n<p align=\"center\">10 points<\/p>\n<\/td>\n<td valign=\"top\" width=\"284\">\n<p align=\"center\">12 points<\/p>\n<\/td>\n<\/tr>\n<tr>\n<td valign=\"top\" width=\"245\">\n<p align=\"center\">Ann\u00e9e N + 3 ans<\/p>\n<\/td>\n<td valign=\"top\" width=\"284\">\n<p align=\"center\">12 points<\/p>\n<\/td>\n<td valign=\"top\" width=\"284\">\n<p align=\"center\">&#8211;<\/p>\n<\/td>\n<\/tr>\n<\/tbody>\n<\/table>\n<p>Ce tableau n\u2019est bien entendu valable qu\u2019\u00e0 partir du moment o\u00f9 le conducteur n\u2019a commis aucune infraction.<\/p>\n<p>&nbsp;<\/p>\n<h2>Le stage de r\u00e9cup\u00e9ration de points du permis de conduire dans le cadre d\u2019un permis probatoire\u00a0:<\/h2>\n<p>Le capital de d\u00e9part de six points de permis accentue le risque de fragilit\u00e9 du permis de conduire d\u2019un jeune conducteur.<\/p>\n<p>Diff\u00e9rents cas se pr\u00e9sentent en termes de r\u00e9cup\u00e9ration\u00a0de points du permis de conduire pour un jeune conducteur. Il d\u00e9pend directement du nombre\u00a0de points perdus. Ci-dessous un tableau r\u00e9capitulatif\u00a0:<\/p>\n<table border=\"1\" width=\"812\" cellspacing=\"0\" cellpadding=\"5\">\n<tbody>\n<tr>\n<td valign=\"top\" width=\"151\">Points perdus<\/td>\n<td valign=\"top\" width=\"319\">R\u00e9cup\u00e9ration de points<\/td>\n<td valign=\"top\" width=\"343\">Stage permis \u00e0 points<\/td>\n<\/tr>\n<tr>\n<td valign=\"top\" width=\"151\">1 point<\/td>\n<td valign=\"top\" width=\"319\">R\u00e9cup\u00e9r\u00e9 au bout d\u2019une ann\u00e9e sans infraction<\/td>\n<td valign=\"top\" width=\"343\">Aucun int\u00e9r\u00eat \u00e0 effectuer un stage de r\u00e9cup\u00e9ration<\/td>\n<\/tr>\n<tr>\n<td valign=\"top\" width=\"151\">2 points<\/td>\n<td valign=\"top\" width=\"319\">R\u00e9cup\u00e9ration au bout de 3 ans sans infraction<\/td>\n<td valign=\"top\" width=\"343\">Peu ou pas d\u2019int\u00e9r\u00eat \u00e0 effectuer un stage de r\u00e9cup\u00e9ration<\/td>\n<\/tr>\n<tr>\n<td valign=\"top\" width=\"151\">3 \u00e0 5 points<\/td>\n<td valign=\"top\" width=\"319\">&#8211;<\/td>\n<td valign=\"top\" width=\"343\">R\u00e9ception d\u2019un courrier 48N de la part du Minist\u00e8re de l\u2019int\u00e9rieur stipulant l\u2019obligation d\u2019effectuer un stage de r\u00e9cup\u00e9ration <span style=\"text-decoration: underline;\">dans les 4 mois suivant la r\u00e9ception de ce courrier<\/span><\/td>\n<\/tr>\n<tr>\n<td valign=\"top\" width=\"151\">6 points et +<\/td>\n<td valign=\"top\" width=\"319\">En fonction du nombre de points li\u00e9s au nombre d\u2019ann\u00e9es du permis probatoire\u00a0:<br \/>\n6 points restant =&gt; <span style=\"text-decoration: underline;\">Annulation du permis<\/span> par lettre 48SI \u00e9manant du Minist\u00e8re de l\u2019Int\u00e9rieur<\/td>\n<td valign=\"top\" width=\"343\">Impossibilit\u00e9 de suivre un stage de r\u00e9cup\u00e9ration de points puisque le permis est annul\u00e9, sauf si le nombre de points retir\u00e9s est inf\u00e9rieur au nombre de points restant.<\/td>\n<\/tr>\n<\/tbody>\n<\/table>\n<p>Dans le cas d\u2019un stage de r\u00e9cup\u00e9ration de points d\u2019un permis probatoire ayant perdu plus de 3 points et moins de 6 points, il vous sera obligatoirement demand\u00e9 une copie de la lettre 48N.<\/p>\n<p>N\u00e9anmoins, lors d\u2019un stage obligatoire stipul\u00e9 par lettre 48N du Minist\u00e8re de l\u2019Int\u00e9rieur, votre attestation de stage de r\u00e9cup\u00e9ration remise en fin de stage vous permettra de vous faire rembourser l\u2019amende aupr\u00e8s du Tr\u00e9sor Public.<\/p>\n<p>&nbsp;<\/p>\n<\/div>\n<\/div>\n","protected":false},"excerpt":{"rendered":"<p>Il convient d&rsquo;envisager deux cas d\u2019obtention du permis probatoire pour un jeune conducteur. Le premier obtenu de fa\u00e7on classique et celui obtenu avec la conduite accompagn\u00e9e. &nbsp; La conduite accompagn\u00e9e\u00a0: Dans le cadre de la conduite accompagn\u00e9e, le candidat devra \u00eatre \u00e2g\u00e9 de 16 \u00e0 18 ans lors de son inscription et de 18 ans minimum lors de sa pr\u00e9sentation &#8230; <\/p>\n<div><a href=\"https:\/\/www.sospermisapoint.fr\/permis-a-points\/permis-probatoire-et-conduite-accompagnee\/\" class=\"more-link\">Lire la Suite<\/a><\/div>\n","protected":false},"author":3,"featured_media":0,"parent":0,"menu_order":0,"comment_status":"closed","ping_status":"closed","template":"","meta":{"footnotes":""},"class_list":["post-233","page","type-page","status-publish","hentry","no-post-thumbnail"],"aioseo_notices":[],"_links":{"self":[{"href":"https:\/\/www.sospermisapoint.fr\/permis-a-points\/wp-json\/wp\/v2\/pages\/233","targetHints":{"allow":["GET"]}}],"collection":[{"href":"https:\/\/www.sospermisapoint.fr\/permis-a-points\/wp-json\/wp\/v2\/pages"}],"about":[{"href":"https:\/\/www.sospermisapoint.fr\/permis-a-points\/wp-json\/wp\/v2\/types\/page"}],"author":[{"embeddable":true,"href":"https:\/\/www.sospermisapoint.fr\/permis-a-points\/wp-json\/wp\/v2\/users\/3"}],"replies":[{"embeddable":true,"href":"https:\/\/www.sospermisapoint.fr\/permis-a-points\/wp-json\/wp\/v2\/comments?post=233"}],"version-history":[{"count":3,"href":"https:\/\/www.sospermisapoint.fr\/permis-a-points\/wp-json\/wp\/v2\/pages\/233\/revisions"}],"predecessor-version":[{"id":237,"href":"https:\/\/www.sospermisapoint.fr\/permis-a-points\/wp-json\/wp\/v2\/pages\/233\/revisions\/237"}],"wp:attachment":[{"href":"https:\/\/www.sospermisapoint.fr\/permis-a-points\/wp-json\/wp\/v2\/media?parent=233"}],"curies":[{"name":"wp","href":"https:\/\/api.w.org\/{rel}","templated":true}]}}