{"id":268,"date":"2014-08-25T06:47:38","date_gmt":"2014-08-25T05:47:38","guid":{"rendered":"http:\/\/www.sospermisapoint.fr\/permis-a-points\/?page_id=268"},"modified":"2014-08-25T13:03:05","modified_gmt":"2014-08-25T12:03:05","slug":"bareme-de-retrait-de-points-du-permis-de-conduire","status":"publish","type":"page","link":"https:\/\/www.sospermisapoint.fr\/permis-a-points\/bareme-de-retrait-de-points-du-permis-de-conduire\/","title":{"rendered":"Bar\u00e8me de retrait de points du permis de conduire"},"content":{"rendered":"<p>En fonction de la gravit\u00e9 de l\u2019infraction au code de la route commise par le conducteur, le nombre de points retir\u00e9 sur le permis de conduire suit un bar\u00e8me pr\u00e9cis et l\u00e9gif\u00e9r\u00e9.<\/p>\n<p>&nbsp;<\/p>\n<table>\n<thead>\n<tr>\n<td colspan=\"2\">\n<h2 style=\"text-align: center;\">Infractions li\u00e9es au non-respect des limitations de vitesse<\/h2>\n<\/td>\n<\/tr>\n<tr>\n<td>\n<h3>Exc\u00e8s de vitesse<\/h3>\n<\/td>\n<td><strong>Nombre de points retir\u00e9s<\/strong><\/td>\n<\/tr>\n<\/thead>\n<tbody>\n<tr>\n<td>Exc\u00e8s de vitesse inf\u00e9rieur \u00e0 20 km\/h<\/td>\n<td>&#8211; 1 point<\/td>\n<\/tr>\n<tr>\n<td>Exc\u00e8s de vitesse \u00e9gal ou sup\u00e9rieur \u00e0 20 km\/h et inf\u00e9rieur \u00e0 30 km\/h<\/td>\n<td>&#8211; 2 points<\/td>\n<\/tr>\n<tr>\n<td>Exc\u00e8s de vitesse \u00e9gal ou sup\u00e9rieur \u00e0 30 km\/h et inf\u00e9rieur \u00e0 40 km\/h<\/td>\n<td>&#8211; 3 points<\/td>\n<\/tr>\n<tr>\n<td>Exc\u00e8s de vitesse \u00e9gal ou sup\u00e9rieur \u00e0 40 km\/h et inf\u00e9rieur \u00e0 50 km\/h<\/td>\n<td>&#8211; 4 points<\/td>\n<\/tr>\n<tr>\n<td>Exc\u00e8s de vitesse sup\u00e9rieur \u00e0 50 km\/h<\/td>\n<td>&#8211; 6 points<\/td>\n<\/tr>\n<tr>\n<td>Transport, d\u00e9tention, usage d&rsquo;appareil destin\u00e9 \u00e0 d\u00e9celer ou perturber les contr\u00f4les de vitesse (d\u00e9tecteurs de radars)<\/td>\n<td>&#8211; 6 points<\/td>\n<\/tr>\n<\/tbody>\n<\/table>\n<p>&nbsp;<\/p>\n<table>\n<thead>\n<tr>\n<td colspan=\"2\">\n<h2 style=\"text-align: center;\">Infractions li\u00e9es \u00e0 la circulation et aux r\u00e8gles de stationnement<\/h2>\n<\/td>\n<\/tr>\n<tr>\n<td>\n<h3>Circulation et stationnement<\/h3>\n<\/td>\n<td><strong>Nombre de points retir\u00e9s<\/strong><\/td>\n<\/tr>\n<\/thead>\n<tbody>\n<tr>\n<td>Chevauchement de ligne continue<\/td>\n<td>&#8211; 1 point<\/td>\n<\/tr>\n<tr>\n<td>Acc\u00e9l\u00e9ration d&rsquo;un conducteur sur le point d&rsquo;\u00eatre d\u00e9pass\u00e9<\/td>\n<td>&#8211; 2 points<\/td>\n<\/tr>\n<tr>\n<td>Circulation \u00e0 gauche sur chauss\u00e9e \u00e0 double sens<\/td>\n<td>&#8211; 3 points<\/td>\n<\/tr>\n<tr>\n<td>D\u00e9passement dangereux<\/td>\n<td>&#8211; 3 points<\/td>\n<\/tr>\n<tr>\n<td>Franchissement de ligne continue<\/td>\n<td>&#8211; 3 points<\/td>\n<\/tr>\n<tr>\n<td>Non-respect des distances de s\u00e9curit\u00e9 entre deux v\u00e9hicules<\/td>\n<td>&#8211; 3 points<\/td>\n<\/tr>\n<tr>\n<td>Changement de direction sans avertissement pr\u00e9alable<\/td>\n<td>&#8211; 3 points<\/td>\n<\/tr>\n<tr>\n<td>Circulation sur bande d&rsquo;arr\u00eat d&rsquo;urgence<\/td>\n<td>&#8211; 3 points<\/td>\n<\/tr>\n<tr>\n<td>Refus de priorit\u00e9<\/td>\n<td>&#8211; 4 points<\/td>\n<\/tr>\n<tr>\n<td>Non-respect de l&rsquo;arr\u00eat au feu rouge, au stop ou au c\u00e9dez le passage<\/td>\n<td>&#8211; 4 points<\/td>\n<\/tr>\n<tr>\n<td>Circulation en sens interdit<\/td>\n<td>&#8211; 4 points<\/td>\n<\/tr>\n<tr>\n<td>Circulation de nuit sans \u00e9clairage ou circulation par visibilit\u00e9 insuffisante sans \u00e9clairage<\/td>\n<td>&#8211; 4 points<\/td>\n<\/tr>\n<tr>\n<td>Usage d&rsquo;un t\u00e9l\u00e9phone tenu en main en conduisant<\/td>\n<td>&#8211; 3 points<\/td>\n<\/tr>\n<\/tbody>\n<\/table>\n<p>&nbsp;<\/p>\n<table>\n<thead>\n<tr>\n<td colspan=\"2\">\n<h2 style=\"text-align: center;\">Infractions li\u00e9es au non port du casque ou de la ceinture de s\u00e9curit\u00e9<\/h2>\n<\/td>\n<\/tr>\n<tr>\n<td>\n<h3>Casque ou ceinture de s\u00e9curit\u00e9<\/h3>\n<\/td>\n<td><strong>Nombre de points<\/strong><\/td>\n<\/tr>\n<\/thead>\n<tbody>\n<tr>\n<td>Dans le cas de la conduite d&rsquo;un 2 roues : d\u00e9faut de port du casque<\/td>\n<td>&#8211; 3 points<\/td>\n<\/tr>\n<tr>\n<td>D\u00e9faut de port de ceinture de s\u00e9curit\u00e9<\/td>\n<td>&#8211; 3 points<\/td>\n<\/tr>\n<\/tbody>\n<\/table>\n<p>&nbsp;<\/p>\n<table>\n<thead>\n<tr>\n<td colspan=\"2\">\n<h2 style=\"text-align: center;\">D\u00e9lits<\/h2>\n<\/td>\n<\/tr>\n<tr>\n<td>\n<h3>D\u00e9lits<\/h3>\n<\/td>\n<td><strong>Nombre de points retir\u00e9s<\/strong><\/td>\n<\/tr>\n<\/thead>\n<tbody>\n<tr>\n<td>Conduite malgr\u00e9 une suspension administrative ou judiciaire du permis de conduire ou une r\u00e9tention du permis de conduire<\/td>\n<td>&#8211; 6 points<\/td>\n<\/tr>\n<tr>\n<td>Blessures involontaires caus\u00e9es \u00e0 un tiers et entra\u00eenant une interruption de travail de plus de 3 mois<\/td>\n<td>&#8211; 6 points<\/td>\n<\/tr>\n<\/tbody>\n<\/table>\n<p>&nbsp;<\/p>\n<table>\n<thead>\n<tr>\n<td colspan=\"2\">\n<h2 style=\"text-align: center;\">Infractions li\u00e9es \u00e0 l&rsquo;alcool\u00e9mie ou l&rsquo;usage de stup\u00e9fiants<\/h2>\n<\/td>\n<\/tr>\n<tr>\n<td>\n<h3>Alcool\u00e9mie ou usage de stup\u00e9fiants<\/h3>\n<\/td>\n<td><strong>Nombre de points retir\u00e9s<\/strong><\/td>\n<\/tr>\n<\/thead>\n<tbody>\n<tr>\n<td>Conduite avec une alcool\u00e9mie comprise entre 0,5 et 0,8 g \/ litre de sang (0,25 et 0,4 mg \/ litre d&rsquo;air expir\u00e9)<\/td>\n<td>&#8211; 6 points<\/td>\n<\/tr>\n<tr>\n<td>Conduite avec une alcool\u00e9mie \u00e9gale ou sup\u00e9rieure \u00e0 0,8 g \/ litre de sang ou en \u00e9tat d&rsquo;ivresse manifeste<\/td>\n<td>&#8211; 6 points<\/td>\n<\/tr>\n<tr>\n<td>R\u00e9cidive de conduite avec une alcool\u00e9mie \u00e9gale ou sup\u00e9rieure \u00e0 0,8 g \/ litre de sang ou en \u00e9tat d&rsquo;ivresse manifeste<\/td>\n<td>&#8211; 6 points<\/td>\n<\/tr>\n<tr>\n<td>Refus de se soumettre \u00e0 une v\u00e9rification de pr\u00e9sence d&rsquo;alcool dans le sang<\/td>\n<td>&#8211; 6 points<\/td>\n<\/tr>\n<tr>\n<td>Conduite apr\u00e8s usage de stup\u00e9fiants ou refus de d\u00e9pistage de stup\u00e9fiants<\/td>\n<td>&#8211; 6 points<\/td>\n<\/tr>\n<\/tbody>\n<\/table>\n<p><strong>\u00c0 savoir\u00a0:\u00a0<\/strong>la limitation l\u00e9gale de l&rsquo;alcool\u00e9mie au volant est de 0,5 gramme d&rsquo;alcool par litre de sang, soit 0,25 milligramme d&rsquo;alcool par litre d&rsquo;air expir\u00e9.<\/p>\n<p>Sources : <a title=\"Bar\u00e8me de retrait de points du permi de conduire\" href=\"http:\/\/vosdroits.service-public.fr\/particuliers\/F31551.xhtml\" target=\"_blank\">http:\/\/vosdroits.service-public.fr\/particuliers\/F31551.xhtml<\/a><\/p>\n<p>&nbsp;<\/p>\n<p>&nbsp;<\/p>\n<p>&nbsp;<\/p>\n","protected":false},"excerpt":{"rendered":"<p>En fonction de la gravit\u00e9 de l\u2019infraction au code de la route commise par le conducteur, le nombre de points retir\u00e9 sur le permis de conduire suit un bar\u00e8me pr\u00e9cis et l\u00e9gif\u00e9r\u00e9. &nbsp; Infractions li\u00e9es au non-respect des limitations de vitesse Exc\u00e8s de vitesse Nombre de points retir\u00e9s Exc\u00e8s de vitesse inf\u00e9rieur \u00e0 20 km\/h &#8211; 1 point Exc\u00e8s de &#8230; <\/p>\n<div><a href=\"https:\/\/www.sospermisapoint.fr\/permis-a-points\/bareme-de-retrait-de-points-du-permis-de-conduire\/\" class=\"more-link\">Lire la Suite<\/a><\/div>\n","protected":false},"author":3,"featured_media":0,"parent":0,"menu_order":0,"comment_status":"closed","ping_status":"closed","template":"","meta":{"footnotes":""},"class_list":["post-268","page","type-page","status-publish","hentry","no-post-thumbnail"],"aioseo_notices":[],"_links":{"self":[{"href":"https:\/\/www.sospermisapoint.fr\/permis-a-points\/wp-json\/wp\/v2\/pages\/268","targetHints":{"allow":["GET"]}}],"collection":[{"href":"https:\/\/www.sospermisapoint.fr\/permis-a-points\/wp-json\/wp\/v2\/pages"}],"about":[{"href":"https:\/\/www.sospermisapoint.fr\/permis-a-points\/wp-json\/wp\/v2\/types\/page"}],"author":[{"embeddable":true,"href":"https:\/\/www.sospermisapoint.fr\/permis-a-points\/wp-json\/wp\/v2\/users\/3"}],"replies":[{"embeddable":true,"href":"https:\/\/www.sospermisapoint.fr\/permis-a-points\/wp-json\/wp\/v2\/comments?post=268"}],"version-history":[{"count":6,"href":"https:\/\/www.sospermisapoint.fr\/permis-a-points\/wp-json\/wp\/v2\/pages\/268\/revisions"}],"predecessor-version":[{"id":291,"href":"https:\/\/www.sospermisapoint.fr\/permis-a-points\/wp-json\/wp\/v2\/pages\/268\/revisions\/291"}],"wp:attachment":[{"href":"https:\/\/www.sospermisapoint.fr\/permis-a-points\/wp-json\/wp\/v2\/media?parent=268"}],"curies":[{"name":"wp","href":"https:\/\/api.w.org\/{rel}","templated":true}]}}