{"id":285,"date":"2014-08-25T12:28:10","date_gmt":"2014-08-25T11:28:10","guid":{"rendered":"http:\/\/www.sospermisapoint.fr\/permis-a-points\/?page_id=285"},"modified":"2014-08-25T13:15:25","modified_gmt":"2014-08-25T12:15:25","slug":"lettre-48m","status":"publish","type":"page","link":"https:\/\/www.sospermisapoint.fr\/permis-a-points\/lettre-48m\/","title":{"rendered":"Lettre 48M"},"content":{"rendered":"<p>La lettre 48M est un courrier recommand\u00e9e avec AR envoy\u00e9e par le Minist\u00e8re de l\u2019Int\u00e9rieur \u00e0 un conducteur pour l\u2019informer qu\u2019apr\u00e8s avoir commis des infractions au code de la route, son permis de conduire a atteint un solde critique de 6 points ou moins sur les 12 points initiaux de son permis. De plus ce courrier encourage le conducteur \u00e0 effectuer un <a title=\"Stage de r\u00e9cup\u00e9ration de points\" href=\"http:\/\/www.sospermisapoint.fr\" target=\"_blank\">stage de r\u00e9cup\u00e9ration de points<\/a>, \u00e0 ses frais, lui permettant de consolider son solde de points de permis.<\/p>\n<p>Ce courrier est essentiellement informatif, il n\u2019oblige en rien le conducteur \u00e0 effectuer un stage de sensibilisation \u00e0 la s\u00e9curit\u00e9 routi\u00e8re, il conseille et encourage simplement le conducteur \u00e0 effectuer cette d\u00e9marche.<\/p>\n<p>Lettre 48M<\/p>\n<p><a href=\"http:\/\/www.sospermisapoint.fr\/permis-a-points\/wp-content\/uploads\/2014\/08\/Lettre-48M.jpg\"><img loading=\"lazy\" decoding=\"async\" class=\"alignnone wp-image-286 size-full\" src=\"http:\/\/www.sospermisapoint.fr\/permis-a-points\/wp-content\/uploads\/2014\/08\/Lettre-48M.jpg\" alt=\"Lettre 48M solde de points \u00e9gal ou inf\u00e9rieur \u00e0 6\" width=\"496\" height=\"546\" srcset=\"https:\/\/www.sospermisapoint.fr\/permis-a-points\/wp-content\/uploads\/2014\/08\/Lettre-48M.jpg 496w, https:\/\/www.sospermisapoint.fr\/permis-a-points\/wp-content\/uploads\/2014\/08\/Lettre-48M-272x300.jpg 272w, https:\/\/www.sospermisapoint.fr\/permis-a-points\/wp-content\/uploads\/2014\/08\/Lettre-48M-100x110.jpg 100w\" sizes=\"auto, (max-width: 496px) 100vw, 496px\" \/><\/a><\/p>\n","protected":false},"excerpt":{"rendered":"<p>La lettre 48M est un courrier recommand\u00e9e avec AR envoy\u00e9e par le Minist\u00e8re de l\u2019Int\u00e9rieur \u00e0 un conducteur pour l\u2019informer qu\u2019apr\u00e8s avoir commis des infractions au code de la route, son permis de conduire a atteint un solde critique de 6 points ou moins sur les 12 points initiaux de son permis. De plus ce courrier encourage le conducteur \u00e0 &#8230; <\/p>\n<div><a href=\"https:\/\/www.sospermisapoint.fr\/permis-a-points\/lettre-48m\/\" class=\"more-link\">Lire la Suite<\/a><\/div>\n","protected":false},"author":3,"featured_media":0,"parent":0,"menu_order":0,"comment_status":"closed","ping_status":"closed","template":"","meta":{"footnotes":""},"class_list":["post-285","page","type-page","status-publish","hentry","no-post-thumbnail"],"aioseo_notices":[],"_links":{"self":[{"href":"https:\/\/www.sospermisapoint.fr\/permis-a-points\/wp-json\/wp\/v2\/pages\/285","targetHints":{"allow":["GET"]}}],"collection":[{"href":"https:\/\/www.sospermisapoint.fr\/permis-a-points\/wp-json\/wp\/v2\/pages"}],"about":[{"href":"https:\/\/www.sospermisapoint.fr\/permis-a-points\/wp-json\/wp\/v2\/types\/page"}],"author":[{"embeddable":true,"href":"https:\/\/www.sospermisapoint.fr\/permis-a-points\/wp-json\/wp\/v2\/users\/3"}],"replies":[{"embeddable":true,"href":"https:\/\/www.sospermisapoint.fr\/permis-a-points\/wp-json\/wp\/v2\/comments?post=285"}],"version-history":[{"count":2,"href":"https:\/\/www.sospermisapoint.fr\/permis-a-points\/wp-json\/wp\/v2\/pages\/285\/revisions"}],"predecessor-version":[{"id":297,"href":"https:\/\/www.sospermisapoint.fr\/permis-a-points\/wp-json\/wp\/v2\/pages\/285\/revisions\/297"}],"wp:attachment":[{"href":"https:\/\/www.sospermisapoint.fr\/permis-a-points\/wp-json\/wp\/v2\/media?parent=285"}],"curies":[{"name":"wp","href":"https:\/\/api.w.org\/{rel}","templated":true}]}}