{"id":36,"date":"2014-05-11T10:04:23","date_gmt":"2014-05-11T09:04:23","guid":{"rendered":"http:\/\/4pointspermis.com\/?p=36"},"modified":"2016-03-03T10:40:59","modified_gmt":"2016-03-03T09:40:59","slug":"permis-a-points","status":"publish","type":"page","link":"https:\/\/www.sospermisapoint.fr\/permis-a-points\/permis-a-points\/","title":{"rendered":"Permis \u00e0 points"},"content":{"rendered":"<h2>Le permis \u00e0 points\u00a0: son historique<strong><br \/>\n<\/strong><\/h2>\n<p>Dans les grandes lignes, le <strong>permis \u00e0 points en France<\/strong> a \u00e9t\u00e9 mis en place le 1<sup>er<\/sup> juillet 1992 (article L223-1 \u00e0 L223-8 du code de la route)<\/p>\n<p>Le but du permis \u00e0 points est de sanctionner le conducteur par le retrait de points de son permis de conduire lorsqu\u2019il commet une infraction.<\/p>\n<p>Ce n\u2019est que dans les ann\u00e9es 2000 que les stages de r\u00e9cup\u00e9ration ont commenc\u00e9s \u00e0 faire leur apparition.<\/p>\n<p>&nbsp;<\/p>\n<h2>Permis \u00e0 points comment \u00e7a marche\u00a0?<\/h2>\n<p>La <strong>r\u00e8glementation du permis \u00e0 points<\/strong> est simple. Tous conducteurs d\u00e9tenteur d\u2019un permis de conduire depuis plus de 3 ans poss\u00e8de un permis dot\u00e9 de 12 points.<\/p>\n<p>Le <strong>permis \u00e0 points jeune conducteur<\/strong> est diff\u00e9rent quant au capital de points en fonction du nombre d\u2019ann\u00e9es de permis de conduire.<\/p>\n<p>Le jeune conducteur qui a obtenu son permis de conduire en suivant une formation classique a\u00a0:<\/p>\n<ul>\n<li>6 points la premi\u00e8re ann\u00e9e<\/li>\n<li>8 points la 2<sup>\u00e8me<\/sup> ann\u00e9e<\/li>\n<li>10 point la 3<sup>\u00e8me<\/sup> ann\u00e9e<\/li>\n<li>Puis 12 points au-del\u00e0 de quatre ans r\u00e9volus.<\/li>\n<\/ul>\n<p>Le permis \u00e0 points d\u2019un jeune conducteur ayant obtenu son permis en suivant une formation de conduite accompagn\u00e9e a\u00a0:<\/p>\n<ul>\n<li>6 points la premi\u00e8re ann\u00e9e<\/li>\n<li>9 points la 2<sup>\u00e8me<\/sup> ann\u00e9e<\/li>\n<li>12 points au bout de la troisi\u00e8me ann\u00e9e.<\/li>\n<\/ul>\n<p>A chaque fois que ce conducteur commet une infraction au code de la route, si cette infraction donne lieu \u00e0 un retrait de points du permis, il se verra, en fonction de la gravit\u00e9 de l\u2019infraction, retirer de 1 \u00e0 6 points par infraction selon un <strong>bar\u00e8me permis \u00e0 points<\/strong> l\u00e9gif\u00e9rant le nombre de points retir\u00e9.<\/p>\n<p>Dans le cas d\u2019infractions cumul\u00e9es, le nombre de points retir\u00e9s sur le permis ne pourra exc\u00e9der 8.<\/p>\n<p>Lorsque le permis est \u00e0 0 points, celui-ci est invalid\u00e9 et le conducteur doit alors rendre son permis aupr\u00e8s de la pr\u00e9fecture et attendre un d\u00e9lai de 6 mois avant de pouvoir le repasser.<\/p>\n<p>&nbsp;<\/p>\n<h2>Permis 0 points, que faire\u00a0?<\/h2>\n<p><strong>Deux cas se pr\u00e9sentent\u00a0:<\/strong><\/p>\n<ol>\n<li>Vous avez re\u00e7u une lettre recommand\u00e9e du Minist\u00e8re de l\u2019Int\u00e9rieur portant une r\u00e9f\u00e9rence 48SI et vous avez sign\u00e9 l\u2019accus\u00e9 r\u00e9ception de ce courrier qui stipule que votre permis est invalid\u00e9 par un solde de points nul. Dans ce cas, il ne vous reste qu\u2019\u00e0 attendre 6 mois avant de repasser votre permis de conduire sous certaines conditions.<\/li>\n<li>Vous n\u2019avez pas encore re\u00e7u de lettre recommand\u00e9e 48SI et\/ou vous n\u2019avez pas encore sign\u00e9 l\u2019accus\u00e9 r\u00e9ception du recommand\u00e9. Dans ce cas, vous pouvez encore effectuer un stage permis \u00e0 points pour r\u00e9cup\u00e9rer 4 points. A la suite du stage, vous pourrez signer le recommand\u00e9 d\u2019annulation du permis qui sera annul\u00e9 par votre stage. Votre capital de points sera, apr\u00e8s le stage de 4 points.<\/li>\n<\/ol>\n<p>&nbsp;<\/p>\n<h2>Permis \u00e0 points et d\u00e9lai de r\u00e9cup\u00e9ration<\/h2>\n<p>Le d\u00e9lai de r\u00e9cup\u00e9ration de points du permis de conduire varie en fonction de plusieurs points\u00a0:<\/p>\n<ul>\n<li>Pour une infraction ayant entrain\u00e9 la perte de 1 point, il faudra attendre 6 mois sans commettre de nouvelle infraction pour le r\u00e9cup\u00e9rer.<\/li>\n<li>Au bout de 3 ans sans infraction, tous vos points (\u00e0 savoir votre capital initial) vous seront restitu\u00e9s.<\/li>\n<li>Si vous commettez une infraction durant ces 3 ans, un nouveau d\u00e9lai de 3 ans recommence \u00e0 courir \u00e0 compter de la derni\u00e8re infraction.<\/li>\n<li>Au bout de 10 ans, le ou les points retir\u00e9s sp\u00e9cifiques \u00e0 une infraction vous seront automatiquement restitu\u00e9s.<\/li>\n<\/ul>\n<p>&nbsp;<\/p>\n<h2>Permis \u00e0 points stage<\/h2>\n<p>Pour permettre au conducteur de reconstituer partiellement ou enti\u00e8rement son capital de points de permis, il peut effectuer, de fa\u00e7on volontaire, un stage de r\u00e9cup\u00e9ration de points.<\/p>\n<p>Le conducteur peut assister \u00e0 un <strong>stage permis \u00e0 points tous les ans<\/strong>.<\/p>\n<p>Un stage de rattrapage de points dure 2 jours. Ce stage permet de recapitaliser jusqu\u2019\u00e0 4 points de permis de conduire sans toutefois exc\u00e9der le capital initial de point du permis de son d\u00e9tenteur.<\/p>\n<p>&nbsp;<\/p>\n<h2>Stage recuperation de points conditions<\/h2>\n<p>Pour assister \u00e0 un stage, permis \u00e0 points, le conducteur devra avant tout s\u2019assurer qu\u2019il a effectivement perdu des points de permis et que ceux-ci ont \u00e9t\u00e9 retir\u00e9s au Fichier National du Permis de Conduire (F.N.P.C.).<\/p>\n<p>Pour s\u2019en assurer, le conducteur, pourra demander un <a title=\"Relev\u00e9 d\u2019information int\u00e9gral de votre permis de conduire\" href=\"http:\/\/www.sospermisapoint.fr\/permis-a-points\/releve-dinformation-integral-de-votre-permis-de-conduire\/\"><strong>relev\u00e9 int\u00e9gral de points de permis<\/strong><\/a> aupr\u00e8s de la pr\u00e9fecture de son d\u00e9partement de r\u00e9sidence ou sur Internet via le Site <a title=\"T\u00e9l\u00e9points\" href=\"https:\/\/www.telepoints.info\">T\u00e9l\u00e9points<\/a> \u00e9dit\u00e9 par le Minist\u00e8re de l\u2019Int\u00e9rieur.<\/p>\n<p>Enfin, il devra aussi s\u2019assurer de ne pas avoir effectu\u00e9 de stage similaire dans les 12 derniers mois.<\/p>\n","protected":false},"excerpt":{"rendered":"<p>Le permis \u00e0 points\u00a0: son historique Dans les grandes lignes, le permis \u00e0 points en France a \u00e9t\u00e9 mis en place le 1er juillet 1992 (article L223-1 \u00e0 L223-8 du code de la route) Le but du permis \u00e0 points est de sanctionner le conducteur par le retrait de points de son permis de conduire lorsqu\u2019il commet une infraction. Ce &#8230; <\/p>\n<div><a href=\"https:\/\/www.sospermisapoint.fr\/permis-a-points\/permis-a-points\/\" class=\"more-link\">Lire la Suite<\/a><\/div>\n","protected":false},"author":3,"featured_media":0,"parent":0,"menu_order":0,"comment_status":"closed","ping_status":"closed","template":"","meta":{"footnotes":""},"class_list":["post-36","page","type-page","status-publish","hentry","no-post-thumbnail"],"aioseo_notices":[],"_links":{"self":[{"href":"https:\/\/www.sospermisapoint.fr\/permis-a-points\/wp-json\/wp\/v2\/pages\/36","targetHints":{"allow":["GET"]}}],"collection":[{"href":"https:\/\/www.sospermisapoint.fr\/permis-a-points\/wp-json\/wp\/v2\/pages"}],"about":[{"href":"https:\/\/www.sospermisapoint.fr\/permis-a-points\/wp-json\/wp\/v2\/types\/page"}],"author":[{"embeddable":true,"href":"https:\/\/www.sospermisapoint.fr\/permis-a-points\/wp-json\/wp\/v2\/users\/3"}],"replies":[{"embeddable":true,"href":"https:\/\/www.sospermisapoint.fr\/permis-a-points\/wp-json\/wp\/v2\/comments?post=36"}],"version-history":[{"count":4,"href":"https:\/\/www.sospermisapoint.fr\/permis-a-points\/wp-json\/wp\/v2\/pages\/36\/revisions"}],"predecessor-version":[{"id":332,"href":"https:\/\/www.sospermisapoint.fr\/permis-a-points\/wp-json\/wp\/v2\/pages\/36\/revisions\/332"}],"wp:attachment":[{"href":"https:\/\/www.sospermisapoint.fr\/permis-a-points\/wp-json\/wp\/v2\/media?parent=36"}],"curies":[{"name":"wp","href":"https:\/\/api.w.org\/{rel}","templated":true}]}}