{"id":96,"date":"2014-05-16T07:15:18","date_gmt":"2014-05-16T06:15:18","guid":{"rendered":"http:\/\/www.4pointspermis.com\/?p=96"},"modified":"2016-03-30T13:43:37","modified_gmt":"2016-03-30T12:43:37","slug":"prix-stage-recuperation-de-points","status":"publish","type":"page","link":"https:\/\/www.sospermisapoint.fr\/permis-a-points\/prix-stage-recuperation-de-points\/","title":{"rendered":"Prix d\u2019un stage de r\u00e9cup\u00e9ration de points ?"},"content":{"rendered":"<p>Un <strong>stage de r\u00e9cup\u00e9ration de points<\/strong>, combien \u00e7a co\u00fbte\u00a0? Le prix est le plus souvent fonction de l\u2019organisateur de ce stage. En effet, chaque structure agr\u00e9\u00e9e par la pr\u00e9fecture pour organiser des stages permis \u00e0 points est ind\u00e9pendante. Les prix sont libres et varient en fonction de l\u2019organisme et du lieu o\u00f9 se d\u00e9roule le stage. On observe souvent un \u00e9cart entre l\u2019Ile de France et les autres d\u00e9partements o\u00f9 le prix d\u2019un stage est g\u00e9n\u00e9ralement moins cher.<\/p>\n<p>Sur diff\u00e9rents Sites Internet, vous remarquerez que lorsque vous consultez la liste des stages dans un d\u00e9partement ou dans une r\u00e9gion donn\u00e9e, celui-ci varie g\u00e9n\u00e9ralement entre 160 \u20ac et 245 \u20ac.<\/p>\n<p>Tout d\u2019abord, il faut savoir que vous n\u2019\u00eates pas dans l\u2019obligation d\u2019effectuer un stage dans le d\u00e9partement de votre r\u00e9sidence. Vous pouvez suivre une session de <strong>rattrapage de points<\/strong> n\u2019importe o\u00f9 en France. Un c\u00f4t\u00e9 pratique pour faire un stage en urgence pendant vos vacances ou proche de votre lieu de travail.<\/p>\n<p>Dans cet esprit, nous vous conseillons donc d\u2019examiner l\u2019ensemble des r\u00e9gions ou d\u00e9partements o\u00f9 vous pourriez trouver un stage moins cher.<\/p>\n<p>&nbsp;<\/p>\n<h2>Les stages vraiment pas chers<\/h2>\n<p>Depuis quelques mois, on observe un <a title=\"Dumping sur la r\u00e9cup\u00e9ration de points\" href=\"http:\/\/blog.stagespointspermis.com\/stage-recuperation-de-points-prix-en-baisse\/\" target=\"_blank\">dumping sur la r\u00e9cup\u00e9ration de points<\/a>. Lorsque vous recherchez sur Internet, vous trouvez des stages beaucoup moins chers que les prix g\u00e9n\u00e9ralement constat\u00e9s. La raison est simple, beaucoup d\u2019organismes ont effectivement du mal \u00e0 remplir leur <strong>session de stage permis \u00e0 points<\/strong>. De ce fait, ils bradent les prix pour attirer plus de stagiaires et compl\u00e9ter leur session afin d\u2019obtenir un minimum l\u00e9gale de 6 personnes.<\/p>\n<p>Le risque lattant de ce type de pratique est que bon nombre d\u2019organismes n\u2019arrivant pas \u00e0 remplir leur stage par rapport \u00e0 leur taux de rentabilit\u00e9 annulent purement et simplement le stage programm\u00e9 mettant ainsi en p\u00e9ril le permis des stagiaires qu\u2019ils avaient en charge d\u2019accueillir. De plus, les stagiaires ayant, pour assister au stage, pris deux jours de cong\u00e9s, se voient ballot\u00e9 dans d\u2019autres sessions qui ne correspondent g\u00e9n\u00e9ralement pas \u00e0 leur choix initiale en termes de lieux et de dates.<\/p>\n<p>&nbsp;<\/p>\n<h2>Les plateformes de r\u00e9servation de stage permis \u00e0 points<\/h2>\n<p>G\u00e9n\u00e9ralement, le <a title=\"Portail permis \u00e0 points\" href=\"http:\/\/www.sospermisapoint.fr\/\" target=\"_blank\">portail permis \u00e0 points<\/a> a\u00a0l\u2019avantage de regrouper l\u2019ensemble des organismes agr\u00e9\u00e9s par l\u2019\u00c9tat et donc tous les stages programm\u00e9s en France.<\/p>\n<p>Cette volum\u00e9trie de stage permet au portail, en cas d\u2019annulation, de retrouver au stagiaire, tr\u00e8s rapidement, un stage \u00e9quivalent avec les m\u00eames dates et le m\u00eame lieu, g\u00e9n\u00e9ralement au m\u00eame prix.<\/p>\n<p>Cette d\u00e9marche est automatique lorsque vous r\u00e9servez sur un portail lorsque votre premier stage est annul\u00e9.<\/p>\n","protected":false},"excerpt":{"rendered":"<p>Un stage de r\u00e9cup\u00e9ration de points, combien \u00e7a co\u00fbte\u00a0? Le prix est le plus souvent fonction de l\u2019organisateur de ce stage. En effet, chaque structure agr\u00e9\u00e9e par la pr\u00e9fecture pour organiser des stages permis \u00e0 points est ind\u00e9pendante. Les prix sont libres et varient en fonction de l\u2019organisme et du lieu o\u00f9 se d\u00e9roule le stage. On observe souvent un &#8230; <\/p>\n<div><a href=\"https:\/\/www.sospermisapoint.fr\/permis-a-points\/prix-stage-recuperation-de-points\/\" class=\"more-link\">Lire la Suite<\/a><\/div>\n","protected":false},"author":3,"featured_media":0,"parent":0,"menu_order":0,"comment_status":"closed","ping_status":"closed","template":"","meta":{"footnotes":""},"class_list":["post-96","page","type-page","status-publish","hentry","no-post-thumbnail"],"aioseo_notices":[],"_links":{"self":[{"href":"https:\/\/www.sospermisapoint.fr\/permis-a-points\/wp-json\/wp\/v2\/pages\/96","targetHints":{"allow":["GET"]}}],"collection":[{"href":"https:\/\/www.sospermisapoint.fr\/permis-a-points\/wp-json\/wp\/v2\/pages"}],"about":[{"href":"https:\/\/www.sospermisapoint.fr\/permis-a-points\/wp-json\/wp\/v2\/types\/page"}],"author":[{"embeddable":true,"href":"https:\/\/www.sospermisapoint.fr\/permis-a-points\/wp-json\/wp\/v2\/users\/3"}],"replies":[{"embeddable":true,"href":"https:\/\/www.sospermisapoint.fr\/permis-a-points\/wp-json\/wp\/v2\/comments?post=96"}],"version-history":[{"count":2,"href":"https:\/\/www.sospermisapoint.fr\/permis-a-points\/wp-json\/wp\/v2\/pages\/96\/revisions"}],"predecessor-version":[{"id":338,"href":"https:\/\/www.sospermisapoint.fr\/permis-a-points\/wp-json\/wp\/v2\/pages\/96\/revisions\/338"}],"wp:attachment":[{"href":"https:\/\/www.sospermisapoint.fr\/permis-a-points\/wp-json\/wp\/v2\/media?parent=96"}],"curies":[{"name":"wp","href":"https:\/\/api.w.org\/{rel}","templated":true}]}}