{"id":99,"date":"2014-05-17T07:00:09","date_gmt":"2014-05-17T06:00:09","guid":{"rendered":"http:\/\/www.4pointspermis.com\/?p=99"},"modified":"2014-08-23T15:55:42","modified_gmt":"2014-08-23T14:55:42","slug":"stage-volontaire-de-recuperation-de-points","status":"publish","type":"page","link":"https:\/\/www.sospermisapoint.fr\/permis-a-points\/stage-volontaire-de-recuperation-de-points\/","title":{"rendered":"Stage volontaire de r\u00e9cup\u00e9ration de points"},"content":{"rendered":"<h2>R\u00e9cup\u00e9ration de points volontaire<\/h2>\n<p>Au cours de vos d\u00e9placements, vous avez commis des infractions et perdu des points sur votre permis de conduire. Vous souhaitez les r\u00e9cup\u00e9rer afin de consolider votre permis ou de ne pas le perdre faute de point. De m\u00eame vous anticipez la perte de points concernant d\u2019\u00e9ventuelles infractions \u00e0 venir.<\/p>\n<p>Dans ce cas, le <strong>stage de r\u00e9cup\u00e9ration de point volontaire<\/strong> est la solution id\u00e9ale.<\/p>\n<p>Quelles conditions dois-je remplir pour participer \u00e0 un stage de r\u00e9cup\u00e9ration de points\u00a0?<\/p>\n<p>Le <strong>stage volontaire de r\u00e9cup\u00e9ration de points<\/strong> vous permet de rattraper jusqu\u2019\u00e0 4 points sur votre permis de conduire dans la limite de votre capital initial de 12 points. Peu importe l\u2019organisme ou le lieu dans lequel vous effectuer ce stage.<\/p>\n<p>Le stage volontaire permis \u00e0 points se d\u00e9roule sur deux jours qui se suivent, soit 14 heures de formation. Il ne comporte aucune \u00e9preuve pratique de code de la route ou de conduite.<\/p>\n<p>Pour suivre une formation volontaire de r\u00e9cup\u00e9ration de points vous devez remplir les conditions suivantes\u00a0:<\/p>\n<ol>\n<li>Si vous avez d\u00e9j\u00e0 particip\u00e9 \u00e0 un stage volontaire, vous devez vous assurer qu\u2019un an et un jour se sont \u00e9coul\u00e9s avant de participer \u00e0 nouveau \u00e0 une session volontaire de stage. Par exemple, si vous avez suivi un stage le 15 janvier 2013, vous ne pourrez pas participer \u00e0 un nouveau stage avant le 16 janvier 2014.<\/li>\n<li>Vous devez poss\u00e9der un permis comportant au moins un point et en cours de validit\u00e9. Vous pouvez vous renseigner aupr\u00e8s de la pr\u00e9fecture ou sur le Site T\u00e9l\u00e9points pour consulter votre solde de points sur votre permis de conduire.<\/li>\n<li>Vous devez vous assurer que vous avez effectivement perdu des points de permis lorsque vous allez entrer en stage. Dans certains cas, l\u2019inertie entre l\u2019infraction et le retrait de points peut \u00eatre tr\u00e8s longue. Assurez-vous que ces points ont \u00e9t\u00e9 retir\u00e9s de votre permis en vous procurant un relev\u00e9 int\u00e9gral de points avant d\u2019effectuer votre stage.<\/li>\n<\/ol>\n<p>&nbsp;<\/p>\n<h2>Comment trouver un stage ?<\/h2>\n<p>Une fois toutes les conditions ci-dessus remplies, plusieurs solutions s\u2019offrent \u00e0 vous pour trouver votre stage\u00a0:<\/p>\n<ul>\n<li>Demander la liste des organismes agr\u00e9\u00e9s aupr\u00e8s de votre pr\u00e9fecture pour trouver le centre susceptible de vous accueillir en stage.<\/li>\n<li>Vous renseigner aupr\u00e8s d\u2019une auto-\u00e9cole dans votre quartier pour trouver votre stage.<\/li>\n<li>Sur Internet (la solution la plus simple et la plus efficace).<\/li>\n<\/ul>\n<p>&nbsp;<\/p>\n<h2>Comment s\u2019inscrire \u00e0 un stage volontaire sur Internet\u00a0?<\/h2>\n<h3>Pour vous inscrire \u00e0 un stage volontaire sur Internet\u00a0:<\/h3>\n<ul>\n<li>Rendez-vous sur un <a title=\"Portail de r\u00e9servation de stage de r\u00e9cup\u00e9ration de points du permis de conduire\" href=\"http:\/\/www.sospermisapoint.fr\/\" target=\"_blank\">portail de r\u00e9servation de stages de r\u00e9cup\u00e9ration<\/a>.<\/li>\n<li>Choisissez le d\u00e9partement de votre choix sachant que vous pouvez effectuer un stage partout en France.<\/li>\n<li>Choisissez ensuite la date qui vous convient<\/li>\n<li>Remplissez le formulaire d\u2019inscription avec vos coordonn\u00e9es personnelles et celles de votre permis de conduire.<\/li>\n<li>R\u00e9glez le montant du stage par le moyen de paiement \u00e0 votre disposition sur le Site.<\/li>\n<\/ul>\n<p>Si vous avez respect\u00e9 l\u2019ensemble des conditions \u00e9nonc\u00e9es ci-dessus et que vous souhaitez participer rapidement \u00e0 un stage volontaire de r\u00e9cup\u00e9ration de points dont le prix vous convient, vous r\u00e9cup\u00e8rerez rapidement vos points de permis de conduire.<\/p>\n<p>&nbsp;<\/p>\n","protected":false},"excerpt":{"rendered":"<p>R\u00e9cup\u00e9ration de points volontaire Au cours de vos d\u00e9placements, vous avez commis des infractions et perdu des points sur votre permis de conduire. Vous souhaitez les r\u00e9cup\u00e9rer afin de consolider votre permis ou de ne pas le perdre faute de point. De m\u00eame vous anticipez la perte de points concernant d\u2019\u00e9ventuelles infractions \u00e0 venir. Dans ce cas, le stage de &#8230; <\/p>\n<div><a href=\"https:\/\/www.sospermisapoint.fr\/permis-a-points\/stage-volontaire-de-recuperation-de-points\/\" class=\"more-link\">Lire la Suite<\/a><\/div>\n","protected":false},"author":3,"featured_media":0,"parent":0,"menu_order":0,"comment_status":"closed","ping_status":"closed","template":"","meta":{"footnotes":""},"class_list":["post-99","page","type-page","status-publish","hentry","no-post-thumbnail"],"aioseo_notices":[],"_links":{"self":[{"href":"https:\/\/www.sospermisapoint.fr\/permis-a-points\/wp-json\/wp\/v2\/pages\/99","targetHints":{"allow":["GET"]}}],"collection":[{"href":"https:\/\/www.sospermisapoint.fr\/permis-a-points\/wp-json\/wp\/v2\/pages"}],"about":[{"href":"https:\/\/www.sospermisapoint.fr\/permis-a-points\/wp-json\/wp\/v2\/types\/page"}],"author":[{"embeddable":true,"href":"https:\/\/www.sospermisapoint.fr\/permis-a-points\/wp-json\/wp\/v2\/users\/3"}],"replies":[{"embeddable":true,"href":"https:\/\/www.sospermisapoint.fr\/permis-a-points\/wp-json\/wp\/v2\/comments?post=99"}],"version-history":[{"count":2,"href":"https:\/\/www.sospermisapoint.fr\/permis-a-points\/wp-json\/wp\/v2\/pages\/99\/revisions"}],"predecessor-version":[{"id":171,"href":"https:\/\/www.sospermisapoint.fr\/permis-a-points\/wp-json\/wp\/v2\/pages\/99\/revisions\/171"}],"wp:attachment":[{"href":"https:\/\/www.sospermisapoint.fr\/permis-a-points\/wp-json\/wp\/v2\/media?parent=99"}],"curies":[{"name":"wp","href":"https:\/\/api.w.org\/{rel}","templated":true}]}}